{"id":932,"date":"2021-02-10T19:14:22","date_gmt":"2021-02-10T18:14:22","guid":{"rendered":"https:\/\/alfreds-vintage-photography.com\/?post_type=product&#038;p=932"},"modified":"2021-04-21T13:01:22","modified_gmt":"2021-04-21T11:01:22","slug":"eisenbahnstop-auf-der-strecke","status":"publish","type":"product","link":"https:\/\/alfreds-vintage-photography.com\/en\/produkt\/eisenbahnstop-auf-der-strecke\/","title":{"rendered":"Eisenbahnstop auf der Strecke"},"content":{"rendered":"<div class=\"wpb-content-wrapper\"><p>[vc_row][vc_column][vc_custom_heading]Eisenbahnstop auf der Strecke[\/vc_custom_heading][vc_column_text]Auf roh gehauenen Holzschwellen sind die Schienen f\u00fcr den FC Brasil\u2013Bolivia verlegt. So nennt sich die von Sao Paulo nach Santa Cruz f\u00fchrende Zugverbindung, die erst in den 1950er Jahren fertiggestellt wurde. Diese Aufnahme mit Bahnarbeitern stammt wahrscheinlich von Er\u00f6ffnungsfeierlichkeiten.<\/p>\n<p>Wir w\u00fcrden uns freuen, mehr \u00fcber die Personen auf den Fotos und das abgebildete Geschehen in Erfahrung zu bringen. Wer mehr dar\u00fcber wei\u00df \u2013 bitte bei <a href=\"mailto:alfred@alfreds-vintage-photography.com\">alfred@alfreds-vintage-photography.com<\/a> melden![\/vc_column_text][\/vc_column][\/vc_row]<\/p>\n<\/div>","protected":false},"excerpt":{"rendered":"<p>&#8220;Eisenbahnstop auf der Strecke&#8221; als hochwertiger Schwarz-Wei\u00df-Abzug auf Barytpapier. Auf roh gehauenen Holzschwellen sind die Schienen f\u00fcr den FC Brasil\u2013Bolivia verlegt.<\/p>\n","protected":false},"featured_media":3290,"template":"","meta":[],"product_cat":[112],"product_tag":[176],"class_list":{"0":"post-932","1":"product","2":"type-product","3":"status-publish","4":"has-post-thumbnail","6":"product_cat-landscape","7":"product_tag-eisenbahn-en","9":"first","10":"instock","11":"taxable","12":"shipping-taxable","13":"purchasable","14":"product-type-variable","15":"add-to-wishlist-after_add_to_cart"},"yoast_head":"<!-- This site is optimized with the Yoast SEO plugin v23.7 - https:\/\/yoast.com\/wordpress\/plugins\/seo\/ -->\n<title>Eisenbahnstop auf der Strecke - Alfreds Vintage Photography<\/title>\n<meta name=\"robots\" content=\"index, follow, max-snippet:-1, max-image-preview:large, max-video-preview:-1\" \/>\n<link rel=\"canonical\" href=\"https:\/\/alfreds-vintage-photography.com\/en\/produkt\/eisenbahnstop-auf-der-strecke\/\" \/>\n<meta property=\"og:locale\" content=\"en_US\" \/>\n<meta property=\"og:type\" content=\"article\" \/>\n<meta property=\"og:title\" content=\"Eisenbahnstop auf der Strecke - Alfreds Vintage Photography\" \/>\n<meta property=\"og:description\" content=\"&quot;Eisenbahnstop auf der Strecke&quot; als hochwertiger Schwarz-Wei\u00df-Abzug auf Barytpapier. Auf roh gehauenen Holzschwellen sind die Schienen f\u00fcr den FC Brasil\u2013Bolivia verlegt.\" \/>\n<meta property=\"og:url\" content=\"https:\/\/alfreds-vintage-photography.com\/en\/produkt\/eisenbahnstop-auf-der-strecke\/\" \/>\n<meta property=\"og:site_name\" content=\"Alfreds Vintage Photography\" \/>\n<meta property=\"article:modified_time\" content=\"2021-04-21T11:01:22+00:00\" \/>\n<meta property=\"og:image\" content=\"https:\/\/alfreds-vintage-photography.com\/wp-content\/uploads\/IMG_20131008_0078-scaled.jpg\" \/>\n\t<meta property=\"og:image:width\" content=\"2404\" \/>\n\t<meta property=\"og:image:height\" content=\"2560\" \/>\n\t<meta property=\"og:image:type\" content=\"image\/jpeg\" \/>\n<meta name=\"twitter:card\" content=\"summary_large_image\" \/>\n<script type=\"application\/ld+json\" class=\"yoast-schema-graph\">{\"@context\":\"https:\/\/schema.org\",\"@graph\":[{\"@type\":\"WebPage\",\"@id\":\"https:\/\/alfreds-vintage-photography.com\/en\/produkt\/eisenbahnstop-auf-der-strecke\/\",\"url\":\"https:\/\/alfreds-vintage-photography.com\/en\/produkt\/eisenbahnstop-auf-der-strecke\/\",\"name\":\"Eisenbahnstop auf der Strecke - Alfreds Vintage Photography\",\"isPartOf\":{\"@id\":\"https:\/\/alfreds-vintage-photography.com\/en\/#website\"},\"primaryImageOfPage\":{\"@id\":\"https:\/\/alfreds-vintage-photography.com\/en\/produkt\/eisenbahnstop-auf-der-strecke\/#primaryimage\"},\"image\":{\"@id\":\"https:\/\/alfreds-vintage-photography.com\/en\/produkt\/eisenbahnstop-auf-der-strecke\/#primaryimage\"},\"thumbnailUrl\":\"https:\/\/alfreds-vintage-photography.com\/wp-content\/uploads\/IMG_20131008_0078-scaled.jpg\",\"datePublished\":\"2021-02-10T18:14:22+00:00\",\"dateModified\":\"2021-04-21T11:01:22+00:00\",\"breadcrumb\":{\"@id\":\"https:\/\/alfreds-vintage-photography.com\/en\/produkt\/eisenbahnstop-auf-der-strecke\/#breadcrumb\"},\"inLanguage\":\"en-US\",\"potentialAction\":[{\"@type\":\"ReadAction\",\"target\":[\"https:\/\/alfreds-vintage-photography.com\/en\/produkt\/eisenbahnstop-auf-der-strecke\/\"]}]},{\"@type\":\"ImageObject\",\"inLanguage\":\"en-US\",\"@id\":\"https:\/\/alfreds-vintage-photography.com\/en\/produkt\/eisenbahnstop-auf-der-strecke\/#primaryimage\",\"url\":\"https:\/\/alfreds-vintage-photography.com\/wp-content\/uploads\/IMG_20131008_0078-scaled.jpg\",\"contentUrl\":\"https:\/\/alfreds-vintage-photography.com\/wp-content\/uploads\/IMG_20131008_0078-scaled.jpg\",\"width\":2404,\"height\":2560},{\"@type\":\"BreadcrumbList\",\"@id\":\"https:\/\/alfreds-vintage-photography.com\/en\/produkt\/eisenbahnstop-auf-der-strecke\/#breadcrumb\",\"itemListElement\":[{\"@type\":\"ListItem\",\"position\":1,\"name\":\"Startseite\",\"item\":\"https:\/\/alfreds-vintage-photography.com\/en\/\"},{\"@type\":\"ListItem\",\"position\":2,\"name\":\"Alfreds Photography Shop\",\"item\":\"https:\/\/alfreds-vintage-photography.com\/en\/alfreds-photography-shop\/\"},{\"@type\":\"ListItem\",\"position\":3,\"name\":\"Eisenbahnstop auf der Strecke\"}]},{\"@type\":\"WebSite\",\"@id\":\"https:\/\/alfreds-vintage-photography.com\/en\/#website\",\"url\":\"https:\/\/alfreds-vintage-photography.com\/en\/\",\"name\":\"Alfreds Vintage Photography\",\"description\":\"Abz\u00fcge und original Vintage Fotografien\",\"potentialAction\":[{\"@type\":\"SearchAction\",\"target\":{\"@type\":\"EntryPoint\",\"urlTemplate\":\"https:\/\/alfreds-vintage-photography.com\/en\/?s={search_term_string}\"},\"query-input\":{\"@type\":\"PropertyValueSpecification\",\"valueRequired\":true,\"valueName\":\"search_term_string\"}}],\"inLanguage\":\"en-US\"}]}<\/script>\n<!-- \/ Yoast SEO plugin. -->","yoast_head_json":{"title":"Eisenbahnstop auf der Strecke - Alfreds Vintage Photography","robots":{"index":"index","follow":"follow","max-snippet":"max-snippet:-1","max-image-preview":"max-image-preview:large","max-video-preview":"max-video-preview:-1"},"canonical":"https:\/\/alfreds-vintage-photography.com\/en\/produkt\/eisenbahnstop-auf-der-strecke\/","og_locale":"en_US","og_type":"article","og_title":"Eisenbahnstop auf der Strecke - Alfreds Vintage Photography","og_description":"\"Eisenbahnstop auf der Strecke\" als hochwertiger Schwarz-Wei\u00df-Abzug auf Barytpapier. Auf roh gehauenen Holzschwellen sind die Schienen f\u00fcr den FC Brasil\u2013Bolivia verlegt.","og_url":"https:\/\/alfreds-vintage-photography.com\/en\/produkt\/eisenbahnstop-auf-der-strecke\/","og_site_name":"Alfreds Vintage Photography","article_modified_time":"2021-04-21T11:01:22+00:00","og_image":[{"width":2404,"height":2560,"url":"https:\/\/alfreds-vintage-photography.com\/wp-content\/uploads\/IMG_20131008_0078-scaled.jpg","type":"image\/jpeg"}],"twitter_card":"summary_large_image","schema":{"@context":"https:\/\/schema.org","@graph":[{"@type":"WebPage","@id":"https:\/\/alfreds-vintage-photography.com\/en\/produkt\/eisenbahnstop-auf-der-strecke\/","url":"https:\/\/alfreds-vintage-photography.com\/en\/produkt\/eisenbahnstop-auf-der-strecke\/","name":"Eisenbahnstop auf der Strecke - Alfreds Vintage Photography","isPartOf":{"@id":"https:\/\/alfreds-vintage-photography.com\/en\/#website"},"primaryImageOfPage":{"@id":"https:\/\/alfreds-vintage-photography.com\/en\/produkt\/eisenbahnstop-auf-der-strecke\/#primaryimage"},"image":{"@id":"https:\/\/alfreds-vintage-photography.com\/en\/produkt\/eisenbahnstop-auf-der-strecke\/#primaryimage"},"thumbnailUrl":"https:\/\/alfreds-vintage-photography.com\/wp-content\/uploads\/IMG_20131008_0078-scaled.jpg","datePublished":"2021-02-10T18:14:22+00:00","dateModified":"2021-04-21T11:01:22+00:00","breadcrumb":{"@id":"https:\/\/alfreds-vintage-photography.com\/en\/produkt\/eisenbahnstop-auf-der-strecke\/#breadcrumb"},"inLanguage":"en-US","potentialAction":[{"@type":"ReadAction","target":["https:\/\/alfreds-vintage-photography.com\/en\/produkt\/eisenbahnstop-auf-der-strecke\/"]}]},{"@type":"ImageObject","inLanguage":"en-US","@id":"https:\/\/alfreds-vintage-photography.com\/en\/produkt\/eisenbahnstop-auf-der-strecke\/#primaryimage","url":"https:\/\/alfreds-vintage-photography.com\/wp-content\/uploads\/IMG_20131008_0078-scaled.jpg","contentUrl":"https:\/\/alfreds-vintage-photography.com\/wp-content\/uploads\/IMG_20131008_0078-scaled.jpg","width":2404,"height":2560},{"@type":"BreadcrumbList","@id":"https:\/\/alfreds-vintage-photography.com\/en\/produkt\/eisenbahnstop-auf-der-strecke\/#breadcrumb","itemListElement":[{"@type":"ListItem","position":1,"name":"Startseite","item":"https:\/\/alfreds-vintage-photography.com\/en\/"},{"@type":"ListItem","position":2,"name":"Alfreds Photography Shop","item":"https:\/\/alfreds-vintage-photography.com\/en\/alfreds-photography-shop\/"},{"@type":"ListItem","position":3,"name":"Eisenbahnstop auf der Strecke"}]},{"@type":"WebSite","@id":"https:\/\/alfreds-vintage-photography.com\/en\/#website","url":"https:\/\/alfreds-vintage-photography.com\/en\/","name":"Alfreds Vintage Photography","description":"Abz\u00fcge und original Vintage Fotografien","potentialAction":[{"@type":"SearchAction","target":{"@type":"EntryPoint","urlTemplate":"https:\/\/alfreds-vintage-photography.com\/en\/?s={search_term_string}"},"query-input":{"@type":"PropertyValueSpecification","valueRequired":true,"valueName":"search_term_string"}}],"inLanguage":"en-US"}]}},"_links":{"self":[{"href":"https:\/\/alfreds-vintage-photography.com\/en\/wp-json\/wp\/v2\/product\/932"}],"collection":[{"href":"https:\/\/alfreds-vintage-photography.com\/en\/wp-json\/wp\/v2\/product"}],"about":[{"href":"https:\/\/alfreds-vintage-photography.com\/en\/wp-json\/wp\/v2\/types\/product"}],"wp:featuredmedia":[{"embeddable":true,"href":"https:\/\/alfreds-vintage-photography.com\/en\/wp-json\/wp\/v2\/media\/3290"}],"wp:attachment":[{"href":"https:\/\/alfreds-vintage-photography.com\/en\/wp-json\/wp\/v2\/media?parent=932"}],"wp:term":[{"taxonomy":"product_cat","embeddable":true,"href":"https:\/\/alfreds-vintage-photography.com\/en\/wp-json\/wp\/v2\/product_cat?post=932"},{"taxonomy":"product_tag","embeddable":true,"href":"https:\/\/alfreds-vintage-photography.com\/en\/wp-json\/wp\/v2\/product_tag?post=932"}],"curies":[{"name":"wp","href":"https:\/\/api.w.org\/{rel}","templated":true}]}}