{"id":903,"date":"2021-02-10T17:54:36","date_gmt":"2021-02-10T16:54:36","guid":{"rendered":"https:\/\/alfreds-vintage-photography.com\/?post_type=product&#038;p=903"},"modified":"2021-04-21T13:00:36","modified_gmt":"2021-04-21T11:00:36","slug":"jamie-laredo-auf-heimatbesuch","status":"publish","type":"product","link":"https:\/\/alfreds-vintage-photography.com\/en\/produkt\/jamie-laredo-auf-heimatbesuch\/","title":{"rendered":"Jamie Laredo auf Heimatbesuch"},"content":{"rendered":"<div class=\"wpb-content-wrapper\"><p>[vc_row][vc_column][vc_custom_heading]Jamie Laredo auf Heimatbesuch[\/vc_custom_heading][vc_column_text]Der bolivianische Geiger und Dirigent Jamie Laredo ist heute ein Weltstar in der klassischen Musik. In jungen Jahren galt er als Wunderkind und geno\u00df \u2013 wie diese Aufnahme zeigt \u2013 auch als junger Mann gro\u00dfe Popularit\u00e4t im Land. Laredo, der noch in den USA studierte, war auf einen Heimatbesuch nach Bolivien gekommen.<\/p>\n<p>Wir w\u00fcrden uns freuen, mehr \u00fcber die Personen auf den Fotos und das abgebildete Geschehen in Erfahrung zu bringen. Wer mehr dar\u00fcber wei\u00df \u2013 bitte bei <a href=\"mailto:alfred@alfreds-vintage-photography.com\">alfred@alfreds-vintage-photography.com<\/a> melden![\/vc_column_text][\/vc_column][\/vc_row]<\/p>\n<\/div>","protected":false},"excerpt":{"rendered":"<p>&#8220;Jamie Laredo auf Heimatbesuch&#8221; als hochwertiger Schwarz-Wei\u00df-Abzug auf Barytpapier.<br \/>\nDer bolivianische Geiger und Dirigent Jamie Laredo ist heute ein Weltstar in der klassischen Musik<\/p>\n","protected":false},"featured_media":906,"template":"","meta":[],"product_cat":[108,109,188],"product_tag":[],"class_list":{"0":"post-903","1":"product","2":"type-product","3":"status-publish","4":"has-post-thumbnail","6":"product_cat-airplane","7":"product_cat-glamour-en","8":"product_cat-kultur-en","10":"first","11":"instock","12":"taxable","13":"shipping-taxable","14":"purchasable","15":"product-type-variable","16":"add-to-wishlist-after_add_to_cart"},"yoast_head":"<!-- This site is optimized with the Yoast SEO plugin v23.7 - https:\/\/yoast.com\/wordpress\/plugins\/seo\/ -->\n<title>Jamie Laredo auf Heimatbesuch - Alfreds Vintage Photography<\/title>\n<meta name=\"robots\" content=\"index, follow, max-snippet:-1, max-image-preview:large, max-video-preview:-1\" \/>\n<link rel=\"canonical\" href=\"https:\/\/alfreds-vintage-photography.com\/en\/produkt\/jamie-laredo-auf-heimatbesuch\/\" \/>\n<meta property=\"og:locale\" content=\"en_US\" \/>\n<meta property=\"og:type\" content=\"article\" \/>\n<meta property=\"og:title\" content=\"Jamie Laredo auf Heimatbesuch - Alfreds Vintage Photography\" \/>\n<meta property=\"og:description\" content=\"&quot;Jamie Laredo auf Heimatbesuch&quot; als hochwertiger Schwarz-Wei\u00df-Abzug auf Barytpapier. Der bolivianische Geiger und Dirigent Jamie Laredo ist heute ein Weltstar in der klassischen Musik\" \/>\n<meta property=\"og:url\" content=\"https:\/\/alfreds-vintage-photography.com\/en\/produkt\/jamie-laredo-auf-heimatbesuch\/\" \/>\n<meta property=\"og:site_name\" content=\"Alfreds Vintage Photography\" \/>\n<meta property=\"article:modified_time\" content=\"2021-04-21T11:00:36+00:00\" \/>\n<meta property=\"og:image\" content=\"https:\/\/alfreds-vintage-photography.com\/wp-content\/uploads\/Jamie-Laredo-auf-Heimatbesuch-scaled.jpg\" \/>\n\t<meta property=\"og:image:width\" content=\"500\" \/>\n\t<meta property=\"og:image:height\" content=\"511\" \/>\n\t<meta property=\"og:image:type\" content=\"image\/jpeg\" \/>\n<meta name=\"twitter:card\" content=\"summary_large_image\" \/>\n<meta name=\"twitter:label1\" content=\"Est. reading time\" \/>\n\t<meta name=\"twitter:data1\" content=\"1 minute\" \/>\n<script type=\"application\/ld+json\" class=\"yoast-schema-graph\">{\"@context\":\"https:\/\/schema.org\",\"@graph\":[{\"@type\":\"WebPage\",\"@id\":\"https:\/\/alfreds-vintage-photography.com\/en\/produkt\/jamie-laredo-auf-heimatbesuch\/\",\"url\":\"https:\/\/alfreds-vintage-photography.com\/en\/produkt\/jamie-laredo-auf-heimatbesuch\/\",\"name\":\"Jamie Laredo auf Heimatbesuch - Alfreds Vintage Photography\",\"isPartOf\":{\"@id\":\"https:\/\/alfreds-vintage-photography.com\/en\/#website\"},\"primaryImageOfPage\":{\"@id\":\"https:\/\/alfreds-vintage-photography.com\/en\/produkt\/jamie-laredo-auf-heimatbesuch\/#primaryimage\"},\"image\":{\"@id\":\"https:\/\/alfreds-vintage-photography.com\/en\/produkt\/jamie-laredo-auf-heimatbesuch\/#primaryimage\"},\"thumbnailUrl\":\"https:\/\/alfreds-vintage-photography.com\/wp-content\/uploads\/Jamie-Laredo-auf-Heimatbesuch-scaled.jpg\",\"datePublished\":\"2021-02-10T16:54:36+00:00\",\"dateModified\":\"2021-04-21T11:00:36+00:00\",\"breadcrumb\":{\"@id\":\"https:\/\/alfreds-vintage-photography.com\/en\/produkt\/jamie-laredo-auf-heimatbesuch\/#breadcrumb\"},\"inLanguage\":\"en-US\",\"potentialAction\":[{\"@type\":\"ReadAction\",\"target\":[\"https:\/\/alfreds-vintage-photography.com\/en\/produkt\/jamie-laredo-auf-heimatbesuch\/\"]}]},{\"@type\":\"ImageObject\",\"inLanguage\":\"en-US\",\"@id\":\"https:\/\/alfreds-vintage-photography.com\/en\/produkt\/jamie-laredo-auf-heimatbesuch\/#primaryimage\",\"url\":\"https:\/\/alfreds-vintage-photography.com\/wp-content\/uploads\/Jamie-Laredo-auf-Heimatbesuch-scaled.jpg\",\"contentUrl\":\"https:\/\/alfreds-vintage-photography.com\/wp-content\/uploads\/Jamie-Laredo-auf-Heimatbesuch-scaled.jpg\",\"width\":500,\"height\":511,\"caption\":\"Jamie Laredo auf Heimatbesuch\"},{\"@type\":\"BreadcrumbList\",\"@id\":\"https:\/\/alfreds-vintage-photography.com\/en\/produkt\/jamie-laredo-auf-heimatbesuch\/#breadcrumb\",\"itemListElement\":[{\"@type\":\"ListItem\",\"position\":1,\"name\":\"Startseite\",\"item\":\"https:\/\/alfreds-vintage-photography.com\/en\/\"},{\"@type\":\"ListItem\",\"position\":2,\"name\":\"Alfreds Photography Shop\",\"item\":\"https:\/\/alfreds-vintage-photography.com\/en\/alfreds-photography-shop\/\"},{\"@type\":\"ListItem\",\"position\":3,\"name\":\"Jamie Laredo auf Heimatbesuch\"}]},{\"@type\":\"WebSite\",\"@id\":\"https:\/\/alfreds-vintage-photography.com\/en\/#website\",\"url\":\"https:\/\/alfreds-vintage-photography.com\/en\/\",\"name\":\"Alfreds Vintage Photography\",\"description\":\"Abz\u00fcge und original Vintage Fotografien\",\"potentialAction\":[{\"@type\":\"SearchAction\",\"target\":{\"@type\":\"EntryPoint\",\"urlTemplate\":\"https:\/\/alfreds-vintage-photography.com\/en\/?s={search_term_string}\"},\"query-input\":{\"@type\":\"PropertyValueSpecification\",\"valueRequired\":true,\"valueName\":\"search_term_string\"}}],\"inLanguage\":\"en-US\"}]}<\/script>\n<!-- \/ Yoast SEO plugin. -->","yoast_head_json":{"title":"Jamie Laredo auf Heimatbesuch - Alfreds Vintage Photography","robots":{"index":"index","follow":"follow","max-snippet":"max-snippet:-1","max-image-preview":"max-image-preview:large","max-video-preview":"max-video-preview:-1"},"canonical":"https:\/\/alfreds-vintage-photography.com\/en\/produkt\/jamie-laredo-auf-heimatbesuch\/","og_locale":"en_US","og_type":"article","og_title":"Jamie Laredo auf Heimatbesuch - Alfreds Vintage Photography","og_description":"\"Jamie Laredo auf Heimatbesuch\" als hochwertiger Schwarz-Wei\u00df-Abzug auf Barytpapier. Der bolivianische Geiger und Dirigent Jamie Laredo ist heute ein Weltstar in der klassischen Musik","og_url":"https:\/\/alfreds-vintage-photography.com\/en\/produkt\/jamie-laredo-auf-heimatbesuch\/","og_site_name":"Alfreds Vintage Photography","article_modified_time":"2021-04-21T11:00:36+00:00","og_image":[{"width":500,"height":511,"url":"https:\/\/alfreds-vintage-photography.com\/wp-content\/uploads\/Jamie-Laredo-auf-Heimatbesuch-scaled.jpg","type":"image\/jpeg"}],"twitter_card":"summary_large_image","twitter_misc":{"Est. reading time":"1 minute"},"schema":{"@context":"https:\/\/schema.org","@graph":[{"@type":"WebPage","@id":"https:\/\/alfreds-vintage-photography.com\/en\/produkt\/jamie-laredo-auf-heimatbesuch\/","url":"https:\/\/alfreds-vintage-photography.com\/en\/produkt\/jamie-laredo-auf-heimatbesuch\/","name":"Jamie Laredo auf Heimatbesuch - Alfreds Vintage Photography","isPartOf":{"@id":"https:\/\/alfreds-vintage-photography.com\/en\/#website"},"primaryImageOfPage":{"@id":"https:\/\/alfreds-vintage-photography.com\/en\/produkt\/jamie-laredo-auf-heimatbesuch\/#primaryimage"},"image":{"@id":"https:\/\/alfreds-vintage-photography.com\/en\/produkt\/jamie-laredo-auf-heimatbesuch\/#primaryimage"},"thumbnailUrl":"https:\/\/alfreds-vintage-photography.com\/wp-content\/uploads\/Jamie-Laredo-auf-Heimatbesuch-scaled.jpg","datePublished":"2021-02-10T16:54:36+00:00","dateModified":"2021-04-21T11:00:36+00:00","breadcrumb":{"@id":"https:\/\/alfreds-vintage-photography.com\/en\/produkt\/jamie-laredo-auf-heimatbesuch\/#breadcrumb"},"inLanguage":"en-US","potentialAction":[{"@type":"ReadAction","target":["https:\/\/alfreds-vintage-photography.com\/en\/produkt\/jamie-laredo-auf-heimatbesuch\/"]}]},{"@type":"ImageObject","inLanguage":"en-US","@id":"https:\/\/alfreds-vintage-photography.com\/en\/produkt\/jamie-laredo-auf-heimatbesuch\/#primaryimage","url":"https:\/\/alfreds-vintage-photography.com\/wp-content\/uploads\/Jamie-Laredo-auf-Heimatbesuch-scaled.jpg","contentUrl":"https:\/\/alfreds-vintage-photography.com\/wp-content\/uploads\/Jamie-Laredo-auf-Heimatbesuch-scaled.jpg","width":500,"height":511,"caption":"Jamie Laredo auf Heimatbesuch"},{"@type":"BreadcrumbList","@id":"https:\/\/alfreds-vintage-photography.com\/en\/produkt\/jamie-laredo-auf-heimatbesuch\/#breadcrumb","itemListElement":[{"@type":"ListItem","position":1,"name":"Startseite","item":"https:\/\/alfreds-vintage-photography.com\/en\/"},{"@type":"ListItem","position":2,"name":"Alfreds Photography Shop","item":"https:\/\/alfreds-vintage-photography.com\/en\/alfreds-photography-shop\/"},{"@type":"ListItem","position":3,"name":"Jamie Laredo auf Heimatbesuch"}]},{"@type":"WebSite","@id":"https:\/\/alfreds-vintage-photography.com\/en\/#website","url":"https:\/\/alfreds-vintage-photography.com\/en\/","name":"Alfreds Vintage Photography","description":"Abz\u00fcge und original Vintage Fotografien","potentialAction":[{"@type":"SearchAction","target":{"@type":"EntryPoint","urlTemplate":"https:\/\/alfreds-vintage-photography.com\/en\/?s={search_term_string}"},"query-input":{"@type":"PropertyValueSpecification","valueRequired":true,"valueName":"search_term_string"}}],"inLanguage":"en-US"}]}},"_links":{"self":[{"href":"https:\/\/alfreds-vintage-photography.com\/en\/wp-json\/wp\/v2\/product\/903"}],"collection":[{"href":"https:\/\/alfreds-vintage-photography.com\/en\/wp-json\/wp\/v2\/product"}],"about":[{"href":"https:\/\/alfreds-vintage-photography.com\/en\/wp-json\/wp\/v2\/types\/product"}],"wp:featuredmedia":[{"embeddable":true,"href":"https:\/\/alfreds-vintage-photography.com\/en\/wp-json\/wp\/v2\/media\/906"}],"wp:attachment":[{"href":"https:\/\/alfreds-vintage-photography.com\/en\/wp-json\/wp\/v2\/media?parent=903"}],"wp:term":[{"taxonomy":"product_cat","embeddable":true,"href":"https:\/\/alfreds-vintage-photography.com\/en\/wp-json\/wp\/v2\/product_cat?post=903"},{"taxonomy":"product_tag","embeddable":true,"href":"https:\/\/alfreds-vintage-photography.com\/en\/wp-json\/wp\/v2\/product_tag?post=903"}],"curies":[{"name":"wp","href":"https:\/\/api.w.org\/{rel}","templated":true}]}}