{"id":896,"date":"2021-02-10T17:48:23","date_gmt":"2021-02-10T16:48:23","guid":{"rendered":"https:\/\/alfreds-vintage-photography.com\/?post_type=product&#038;p=896"},"modified":"2021-04-21T13:00:29","modified_gmt":"2021-04-21T11:00:29","slug":"piloten-ist-nichts-verboten","status":"publish","type":"product","link":"https:\/\/alfreds-vintage-photography.com\/en\/produkt\/piloten-ist-nichts-verboten\/","title":{"rendered":"Piloten ist nichts verboten"},"content":{"rendered":"<div class=\"wpb-content-wrapper\"><p>[vc_row][vc_column][vc_custom_heading]Piloten ist nichts verboten[\/vc_custom_heading][vc_column_text]Auf einem seiner zahlreichen Inlandsfl\u00fcge machte Yelincic diese vier Piloten und ein Flugzeug zu seinem Motiv. Die Maschine ist auf der gr\u00fcnen Wiese geparkt. Es k\u00f6nnte sich also um eine unbefestigte Landebahn handeln, wie sie in entlegenen Urwaldgebieten \u00fcblich sind.<\/p>\n<p>Wir w\u00fcrden uns freuen, mehr \u00fcber die Personen auf den Fotos und das abgebildete Geschehen in Erfahrung zu bringen. Wer mehr dar\u00fcber wei\u00df \u2013 bitte bei <a href=\"mailto:alfred@alfreds-vintage-photography.com\">alfred@alfreds-vintage-photography.com<\/a> melden![\/vc_column_text][\/vc_column][\/vc_row]<\/p>\n<\/div>","protected":false},"excerpt":{"rendered":"<p>&#8220;Piloten ist nichts verboten&#8221; als hochwertiger Schwarz-Wei\u00df-Abzug auf Barytpapier.<br \/>\nAuf einem seiner zahlreichen Inlandsfl\u00fcge machte Yelincic diese vier Piloten und ein Flugzeug zu seinem Motiv.<\/p>\n","protected":false},"featured_media":899,"template":"","meta":[],"product_cat":[108,131],"product_tag":[161],"class_list":{"0":"post-896","1":"product","2":"type-product","3":"status-publish","4":"has-post-thumbnail","6":"product_cat-airplane","7":"product_cat-best-of-alfred-en","8":"product_tag-piloten-en","10":"first","11":"instock","12":"taxable","13":"shipping-taxable","14":"purchasable","15":"product-type-variable","16":"add-to-wishlist-after_add_to_cart"},"yoast_head":"<!-- This site is optimized with the Yoast SEO plugin v23.7 - https:\/\/yoast.com\/wordpress\/plugins\/seo\/ -->\n<title>Piloten ist nichts verboten - Alfreds Vintage Photography<\/title>\n<meta name=\"robots\" content=\"index, follow, max-snippet:-1, max-image-preview:large, max-video-preview:-1\" \/>\n<link rel=\"canonical\" href=\"https:\/\/alfreds-vintage-photography.com\/en\/produkt\/piloten-ist-nichts-verboten\/\" \/>\n<meta property=\"og:locale\" content=\"en_US\" \/>\n<meta property=\"og:type\" content=\"article\" \/>\n<meta property=\"og:title\" content=\"Piloten ist nichts verboten - Alfreds Vintage Photography\" \/>\n<meta property=\"og:description\" content=\"&quot;Piloten ist nichts verboten&quot; als hochwertiger Schwarz-Wei\u00df-Abzug auf Barytpapier. Auf einem seiner zahlreichen Inlandsfl\u00fcge machte Yelincic diese vier Piloten und ein Flugzeug zu seinem Motiv.\" \/>\n<meta property=\"og:url\" content=\"https:\/\/alfreds-vintage-photography.com\/en\/produkt\/piloten-ist-nichts-verboten\/\" \/>\n<meta property=\"og:site_name\" content=\"Alfreds Vintage Photography\" \/>\n<meta property=\"article:modified_time\" content=\"2021-04-21T11:00:29+00:00\" \/>\n<meta property=\"og:image\" content=\"https:\/\/alfreds-vintage-photography.com\/wp-content\/uploads\/Piloten-ist-nichts-verboten-scaled.jpg\" \/>\n\t<meta property=\"og:image:width\" content=\"500\" \/>\n\t<meta property=\"og:image:height\" content=\"510\" \/>\n\t<meta property=\"og:image:type\" content=\"image\/jpeg\" \/>\n<meta name=\"twitter:card\" content=\"summary_large_image\" \/>\n<script type=\"application\/ld+json\" class=\"yoast-schema-graph\">{\"@context\":\"https:\/\/schema.org\",\"@graph\":[{\"@type\":\"WebPage\",\"@id\":\"https:\/\/alfreds-vintage-photography.com\/en\/produkt\/piloten-ist-nichts-verboten\/\",\"url\":\"https:\/\/alfreds-vintage-photography.com\/en\/produkt\/piloten-ist-nichts-verboten\/\",\"name\":\"Piloten ist nichts verboten - Alfreds Vintage Photography\",\"isPartOf\":{\"@id\":\"https:\/\/alfreds-vintage-photography.com\/en\/#website\"},\"primaryImageOfPage\":{\"@id\":\"https:\/\/alfreds-vintage-photography.com\/en\/produkt\/piloten-ist-nichts-verboten\/#primaryimage\"},\"image\":{\"@id\":\"https:\/\/alfreds-vintage-photography.com\/en\/produkt\/piloten-ist-nichts-verboten\/#primaryimage\"},\"thumbnailUrl\":\"https:\/\/alfreds-vintage-photography.com\/wp-content\/uploads\/Piloten-ist-nichts-verboten-scaled.jpg\",\"datePublished\":\"2021-02-10T16:48:23+00:00\",\"dateModified\":\"2021-04-21T11:00:29+00:00\",\"breadcrumb\":{\"@id\":\"https:\/\/alfreds-vintage-photography.com\/en\/produkt\/piloten-ist-nichts-verboten\/#breadcrumb\"},\"inLanguage\":\"en-US\",\"potentialAction\":[{\"@type\":\"ReadAction\",\"target\":[\"https:\/\/alfreds-vintage-photography.com\/en\/produkt\/piloten-ist-nichts-verboten\/\"]}]},{\"@type\":\"ImageObject\",\"inLanguage\":\"en-US\",\"@id\":\"https:\/\/alfreds-vintage-photography.com\/en\/produkt\/piloten-ist-nichts-verboten\/#primaryimage\",\"url\":\"https:\/\/alfreds-vintage-photography.com\/wp-content\/uploads\/Piloten-ist-nichts-verboten-scaled.jpg\",\"contentUrl\":\"https:\/\/alfreds-vintage-photography.com\/wp-content\/uploads\/Piloten-ist-nichts-verboten-scaled.jpg\",\"width\":500,\"height\":510,\"caption\":\"Piloten ist nichts verboten\"},{\"@type\":\"BreadcrumbList\",\"@id\":\"https:\/\/alfreds-vintage-photography.com\/en\/produkt\/piloten-ist-nichts-verboten\/#breadcrumb\",\"itemListElement\":[{\"@type\":\"ListItem\",\"position\":1,\"name\":\"Startseite\",\"item\":\"https:\/\/alfreds-vintage-photography.com\/en\/\"},{\"@type\":\"ListItem\",\"position\":2,\"name\":\"Alfreds Photography Shop\",\"item\":\"https:\/\/alfreds-vintage-photography.com\/en\/alfreds-photography-shop\/\"},{\"@type\":\"ListItem\",\"position\":3,\"name\":\"Piloten ist nichts verboten\"}]},{\"@type\":\"WebSite\",\"@id\":\"https:\/\/alfreds-vintage-photography.com\/en\/#website\",\"url\":\"https:\/\/alfreds-vintage-photography.com\/en\/\",\"name\":\"Alfreds Vintage Photography\",\"description\":\"Abz\u00fcge und original Vintage Fotografien\",\"potentialAction\":[{\"@type\":\"SearchAction\",\"target\":{\"@type\":\"EntryPoint\",\"urlTemplate\":\"https:\/\/alfreds-vintage-photography.com\/en\/?s={search_term_string}\"},\"query-input\":{\"@type\":\"PropertyValueSpecification\",\"valueRequired\":true,\"valueName\":\"search_term_string\"}}],\"inLanguage\":\"en-US\"}]}<\/script>\n<!-- \/ Yoast SEO plugin. -->","yoast_head_json":{"title":"Piloten ist nichts verboten - Alfreds Vintage Photography","robots":{"index":"index","follow":"follow","max-snippet":"max-snippet:-1","max-image-preview":"max-image-preview:large","max-video-preview":"max-video-preview:-1"},"canonical":"https:\/\/alfreds-vintage-photography.com\/en\/produkt\/piloten-ist-nichts-verboten\/","og_locale":"en_US","og_type":"article","og_title":"Piloten ist nichts verboten - Alfreds Vintage Photography","og_description":"\"Piloten ist nichts verboten\" als hochwertiger Schwarz-Wei\u00df-Abzug auf Barytpapier. Auf einem seiner zahlreichen Inlandsfl\u00fcge machte Yelincic diese vier Piloten und ein Flugzeug zu seinem Motiv.","og_url":"https:\/\/alfreds-vintage-photography.com\/en\/produkt\/piloten-ist-nichts-verboten\/","og_site_name":"Alfreds Vintage Photography","article_modified_time":"2021-04-21T11:00:29+00:00","og_image":[{"width":500,"height":510,"url":"https:\/\/alfreds-vintage-photography.com\/wp-content\/uploads\/Piloten-ist-nichts-verboten-scaled.jpg","type":"image\/jpeg"}],"twitter_card":"summary_large_image","schema":{"@context":"https:\/\/schema.org","@graph":[{"@type":"WebPage","@id":"https:\/\/alfreds-vintage-photography.com\/en\/produkt\/piloten-ist-nichts-verboten\/","url":"https:\/\/alfreds-vintage-photography.com\/en\/produkt\/piloten-ist-nichts-verboten\/","name":"Piloten ist nichts verboten - Alfreds Vintage Photography","isPartOf":{"@id":"https:\/\/alfreds-vintage-photography.com\/en\/#website"},"primaryImageOfPage":{"@id":"https:\/\/alfreds-vintage-photography.com\/en\/produkt\/piloten-ist-nichts-verboten\/#primaryimage"},"image":{"@id":"https:\/\/alfreds-vintage-photography.com\/en\/produkt\/piloten-ist-nichts-verboten\/#primaryimage"},"thumbnailUrl":"https:\/\/alfreds-vintage-photography.com\/wp-content\/uploads\/Piloten-ist-nichts-verboten-scaled.jpg","datePublished":"2021-02-10T16:48:23+00:00","dateModified":"2021-04-21T11:00:29+00:00","breadcrumb":{"@id":"https:\/\/alfreds-vintage-photography.com\/en\/produkt\/piloten-ist-nichts-verboten\/#breadcrumb"},"inLanguage":"en-US","potentialAction":[{"@type":"ReadAction","target":["https:\/\/alfreds-vintage-photography.com\/en\/produkt\/piloten-ist-nichts-verboten\/"]}]},{"@type":"ImageObject","inLanguage":"en-US","@id":"https:\/\/alfreds-vintage-photography.com\/en\/produkt\/piloten-ist-nichts-verboten\/#primaryimage","url":"https:\/\/alfreds-vintage-photography.com\/wp-content\/uploads\/Piloten-ist-nichts-verboten-scaled.jpg","contentUrl":"https:\/\/alfreds-vintage-photography.com\/wp-content\/uploads\/Piloten-ist-nichts-verboten-scaled.jpg","width":500,"height":510,"caption":"Piloten ist nichts verboten"},{"@type":"BreadcrumbList","@id":"https:\/\/alfreds-vintage-photography.com\/en\/produkt\/piloten-ist-nichts-verboten\/#breadcrumb","itemListElement":[{"@type":"ListItem","position":1,"name":"Startseite","item":"https:\/\/alfreds-vintage-photography.com\/en\/"},{"@type":"ListItem","position":2,"name":"Alfreds Photography Shop","item":"https:\/\/alfreds-vintage-photography.com\/en\/alfreds-photography-shop\/"},{"@type":"ListItem","position":3,"name":"Piloten ist nichts verboten"}]},{"@type":"WebSite","@id":"https:\/\/alfreds-vintage-photography.com\/en\/#website","url":"https:\/\/alfreds-vintage-photography.com\/en\/","name":"Alfreds Vintage Photography","description":"Abz\u00fcge und original Vintage Fotografien","potentialAction":[{"@type":"SearchAction","target":{"@type":"EntryPoint","urlTemplate":"https:\/\/alfreds-vintage-photography.com\/en\/?s={search_term_string}"},"query-input":{"@type":"PropertyValueSpecification","valueRequired":true,"valueName":"search_term_string"}}],"inLanguage":"en-US"}]}},"_links":{"self":[{"href":"https:\/\/alfreds-vintage-photography.com\/en\/wp-json\/wp\/v2\/product\/896"}],"collection":[{"href":"https:\/\/alfreds-vintage-photography.com\/en\/wp-json\/wp\/v2\/product"}],"about":[{"href":"https:\/\/alfreds-vintage-photography.com\/en\/wp-json\/wp\/v2\/types\/product"}],"wp:featuredmedia":[{"embeddable":true,"href":"https:\/\/alfreds-vintage-photography.com\/en\/wp-json\/wp\/v2\/media\/899"}],"wp:attachment":[{"href":"https:\/\/alfreds-vintage-photography.com\/en\/wp-json\/wp\/v2\/media?parent=896"}],"wp:term":[{"taxonomy":"product_cat","embeddable":true,"href":"https:\/\/alfreds-vintage-photography.com\/en\/wp-json\/wp\/v2\/product_cat?post=896"},{"taxonomy":"product_tag","embeddable":true,"href":"https:\/\/alfreds-vintage-photography.com\/en\/wp-json\/wp\/v2\/product_tag?post=896"}],"curies":[{"name":"wp","href":"https:\/\/api.w.org\/{rel}","templated":true}]}}