{"id":889,"date":"2021-02-10T17:39:02","date_gmt":"2021-02-10T16:39:02","guid":{"rendered":"https:\/\/alfreds-vintage-photography.com\/?post_type=product&#038;p=889"},"modified":"2021-04-21T13:00:21","modified_gmt":"2021-04-21T11:00:21","slug":"haeuptling-mit-tiertrophaee","status":"publish","type":"product","link":"https:\/\/alfreds-vintage-photography.com\/en\/produkt\/haeuptling-mit-tiertrophaee\/","title":{"rendered":"H\u00e4uptling mit Tiertroph\u00e4e"},"content":{"rendered":"<div class=\"wpb-content-wrapper\"><p>[vc_row][vc_column][vc_custom_heading]H\u00e4uptling mit Tiertroph\u00e4e[\/vc_custom_heading][vc_column_text]<\/p>\n<p>Leopoldo Yelincic hat eine Vielzahl indigener St\u00e4mme im ganzen Land besucht und Fotos angefertigt. Dieses Bild stammt von den fr\u00fchesten Reisen des Fotografen und z\u00e4hlt zu seinen \u00e4ltesten Aufnahmen.<\/p>\n<p>Wir w\u00fcrden uns freuen, mehr \u00fcber die Personen auf den Fotos und das abgebildete Geschehen in Erfahrung zu bringen. Wer mehr dar\u00fcber wei\u00df \u2013 bitte bei <a href=\"mailto:alfred@alfreds-vintage-photography.com\">alfred@alfreds-vintage-photography.com<\/a> melden!<\/p>\n<p>[\/vc_column_text][\/vc_column][\/vc_row]<\/p>\n<\/div>","protected":false},"excerpt":{"rendered":"<p>&#8220;H\u00e4uptling mit Tiertroph\u00e4e&#8221; als hochwertiger Schwarz-Wei\u00df-Abzug auf Barytpapier. Leopoldo Yelincic hat eine Vielzahl indigener St\u00e4mme im ganzen Land besucht und Fotos angefertigt<\/p>\n","protected":false},"featured_media":3302,"template":"","meta":[],"product_cat":[110,119,131],"product_tag":[],"class_list":{"0":"post-889","1":"product","2":"type-product","3":"status-publish","4":"has-post-thumbnail","6":"product_cat-indigenes","7":"product_cat-religion-en","8":"product_cat-best-of-alfred-en","10":"first","11":"instock","12":"taxable","13":"shipping-taxable","14":"purchasable","15":"product-type-variable","16":"add-to-wishlist-after_add_to_cart"},"yoast_head":"<!-- This site is optimized with the Yoast SEO plugin v23.7 - https:\/\/yoast.com\/wordpress\/plugins\/seo\/ -->\n<title>H\u00e4uptling mit Tiertroph\u00e4e - Alfreds Vintage Photography<\/title>\n<meta name=\"robots\" content=\"index, follow, max-snippet:-1, max-image-preview:large, max-video-preview:-1\" \/>\n<link rel=\"canonical\" href=\"https:\/\/alfreds-vintage-photography.com\/en\/produkt\/haeuptling-mit-tiertrophaee\/\" \/>\n<meta property=\"og:locale\" content=\"en_US\" \/>\n<meta property=\"og:type\" content=\"article\" \/>\n<meta property=\"og:title\" content=\"H\u00e4uptling mit Tiertroph\u00e4e - Alfreds Vintage Photography\" \/>\n<meta property=\"og:description\" content=\"&quot;H\u00e4uptling mit Tiertroph\u00e4e&quot; als hochwertiger Schwarz-Wei\u00df-Abzug auf Barytpapier. Leopoldo Yelincic hat eine Vielzahl indigener St\u00e4mme im ganzen Land besucht und Fotos angefertigt\" \/>\n<meta property=\"og:url\" content=\"https:\/\/alfreds-vintage-photography.com\/en\/produkt\/haeuptling-mit-tiertrophaee\/\" \/>\n<meta property=\"og:site_name\" content=\"Alfreds Vintage Photography\" \/>\n<meta property=\"article:modified_time\" content=\"2021-04-21T11:00:21+00:00\" \/>\n<meta property=\"og:image\" content=\"https:\/\/alfreds-vintage-photography.com\/wp-content\/uploads\/IMG_20131009_0161-1-scaled.jpg\" \/>\n\t<meta property=\"og:image:width\" content=\"2522\" \/>\n\t<meta property=\"og:image:height\" content=\"2560\" \/>\n\t<meta property=\"og:image:type\" content=\"image\/jpeg\" \/>\n<meta name=\"twitter:card\" content=\"summary_large_image\" \/>\n<script type=\"application\/ld+json\" class=\"yoast-schema-graph\">{\"@context\":\"https:\/\/schema.org\",\"@graph\":[{\"@type\":\"WebPage\",\"@id\":\"https:\/\/alfreds-vintage-photography.com\/en\/produkt\/haeuptling-mit-tiertrophaee\/\",\"url\":\"https:\/\/alfreds-vintage-photography.com\/en\/produkt\/haeuptling-mit-tiertrophaee\/\",\"name\":\"H\u00e4uptling mit Tiertroph\u00e4e - Alfreds Vintage Photography\",\"isPartOf\":{\"@id\":\"https:\/\/alfreds-vintage-photography.com\/en\/#website\"},\"primaryImageOfPage\":{\"@id\":\"https:\/\/alfreds-vintage-photography.com\/en\/produkt\/haeuptling-mit-tiertrophaee\/#primaryimage\"},\"image\":{\"@id\":\"https:\/\/alfreds-vintage-photography.com\/en\/produkt\/haeuptling-mit-tiertrophaee\/#primaryimage\"},\"thumbnailUrl\":\"https:\/\/alfreds-vintage-photography.com\/wp-content\/uploads\/IMG_20131009_0161-1-scaled.jpg\",\"datePublished\":\"2021-02-10T16:39:02+00:00\",\"dateModified\":\"2021-04-21T11:00:21+00:00\",\"breadcrumb\":{\"@id\":\"https:\/\/alfreds-vintage-photography.com\/en\/produkt\/haeuptling-mit-tiertrophaee\/#breadcrumb\"},\"inLanguage\":\"en-US\",\"potentialAction\":[{\"@type\":\"ReadAction\",\"target\":[\"https:\/\/alfreds-vintage-photography.com\/en\/produkt\/haeuptling-mit-tiertrophaee\/\"]}]},{\"@type\":\"ImageObject\",\"inLanguage\":\"en-US\",\"@id\":\"https:\/\/alfreds-vintage-photography.com\/en\/produkt\/haeuptling-mit-tiertrophaee\/#primaryimage\",\"url\":\"https:\/\/alfreds-vintage-photography.com\/wp-content\/uploads\/IMG_20131009_0161-1-scaled.jpg\",\"contentUrl\":\"https:\/\/alfreds-vintage-photography.com\/wp-content\/uploads\/IMG_20131009_0161-1-scaled.jpg\",\"width\":2522,\"height\":2560},{\"@type\":\"BreadcrumbList\",\"@id\":\"https:\/\/alfreds-vintage-photography.com\/en\/produkt\/haeuptling-mit-tiertrophaee\/#breadcrumb\",\"itemListElement\":[{\"@type\":\"ListItem\",\"position\":1,\"name\":\"Startseite\",\"item\":\"https:\/\/alfreds-vintage-photography.com\/en\/\"},{\"@type\":\"ListItem\",\"position\":2,\"name\":\"Alfreds Photography Shop\",\"item\":\"https:\/\/alfreds-vintage-photography.com\/en\/alfreds-photography-shop\/\"},{\"@type\":\"ListItem\",\"position\":3,\"name\":\"H\u00e4uptling mit Tiertroph\u00e4e\"}]},{\"@type\":\"WebSite\",\"@id\":\"https:\/\/alfreds-vintage-photography.com\/en\/#website\",\"url\":\"https:\/\/alfreds-vintage-photography.com\/en\/\",\"name\":\"Alfreds Vintage Photography\",\"description\":\"Abz\u00fcge und original Vintage Fotografien\",\"potentialAction\":[{\"@type\":\"SearchAction\",\"target\":{\"@type\":\"EntryPoint\",\"urlTemplate\":\"https:\/\/alfreds-vintage-photography.com\/en\/?s={search_term_string}\"},\"query-input\":{\"@type\":\"PropertyValueSpecification\",\"valueRequired\":true,\"valueName\":\"search_term_string\"}}],\"inLanguage\":\"en-US\"}]}<\/script>\n<!-- \/ Yoast SEO plugin. -->","yoast_head_json":{"title":"H\u00e4uptling mit Tiertroph\u00e4e - Alfreds Vintage Photography","robots":{"index":"index","follow":"follow","max-snippet":"max-snippet:-1","max-image-preview":"max-image-preview:large","max-video-preview":"max-video-preview:-1"},"canonical":"https:\/\/alfreds-vintage-photography.com\/en\/produkt\/haeuptling-mit-tiertrophaee\/","og_locale":"en_US","og_type":"article","og_title":"H\u00e4uptling mit Tiertroph\u00e4e - Alfreds Vintage Photography","og_description":"\"H\u00e4uptling mit Tiertroph\u00e4e\" als hochwertiger Schwarz-Wei\u00df-Abzug auf Barytpapier. Leopoldo Yelincic hat eine Vielzahl indigener St\u00e4mme im ganzen Land besucht und Fotos angefertigt","og_url":"https:\/\/alfreds-vintage-photography.com\/en\/produkt\/haeuptling-mit-tiertrophaee\/","og_site_name":"Alfreds Vintage Photography","article_modified_time":"2021-04-21T11:00:21+00:00","og_image":[{"width":2522,"height":2560,"url":"https:\/\/alfreds-vintage-photography.com\/wp-content\/uploads\/IMG_20131009_0161-1-scaled.jpg","type":"image\/jpeg"}],"twitter_card":"summary_large_image","schema":{"@context":"https:\/\/schema.org","@graph":[{"@type":"WebPage","@id":"https:\/\/alfreds-vintage-photography.com\/en\/produkt\/haeuptling-mit-tiertrophaee\/","url":"https:\/\/alfreds-vintage-photography.com\/en\/produkt\/haeuptling-mit-tiertrophaee\/","name":"H\u00e4uptling mit Tiertroph\u00e4e - Alfreds Vintage Photography","isPartOf":{"@id":"https:\/\/alfreds-vintage-photography.com\/en\/#website"},"primaryImageOfPage":{"@id":"https:\/\/alfreds-vintage-photography.com\/en\/produkt\/haeuptling-mit-tiertrophaee\/#primaryimage"},"image":{"@id":"https:\/\/alfreds-vintage-photography.com\/en\/produkt\/haeuptling-mit-tiertrophaee\/#primaryimage"},"thumbnailUrl":"https:\/\/alfreds-vintage-photography.com\/wp-content\/uploads\/IMG_20131009_0161-1-scaled.jpg","datePublished":"2021-02-10T16:39:02+00:00","dateModified":"2021-04-21T11:00:21+00:00","breadcrumb":{"@id":"https:\/\/alfreds-vintage-photography.com\/en\/produkt\/haeuptling-mit-tiertrophaee\/#breadcrumb"},"inLanguage":"en-US","potentialAction":[{"@type":"ReadAction","target":["https:\/\/alfreds-vintage-photography.com\/en\/produkt\/haeuptling-mit-tiertrophaee\/"]}]},{"@type":"ImageObject","inLanguage":"en-US","@id":"https:\/\/alfreds-vintage-photography.com\/en\/produkt\/haeuptling-mit-tiertrophaee\/#primaryimage","url":"https:\/\/alfreds-vintage-photography.com\/wp-content\/uploads\/IMG_20131009_0161-1-scaled.jpg","contentUrl":"https:\/\/alfreds-vintage-photography.com\/wp-content\/uploads\/IMG_20131009_0161-1-scaled.jpg","width":2522,"height":2560},{"@type":"BreadcrumbList","@id":"https:\/\/alfreds-vintage-photography.com\/en\/produkt\/haeuptling-mit-tiertrophaee\/#breadcrumb","itemListElement":[{"@type":"ListItem","position":1,"name":"Startseite","item":"https:\/\/alfreds-vintage-photography.com\/en\/"},{"@type":"ListItem","position":2,"name":"Alfreds Photography Shop","item":"https:\/\/alfreds-vintage-photography.com\/en\/alfreds-photography-shop\/"},{"@type":"ListItem","position":3,"name":"H\u00e4uptling mit Tiertroph\u00e4e"}]},{"@type":"WebSite","@id":"https:\/\/alfreds-vintage-photography.com\/en\/#website","url":"https:\/\/alfreds-vintage-photography.com\/en\/","name":"Alfreds Vintage Photography","description":"Abz\u00fcge und original Vintage Fotografien","potentialAction":[{"@type":"SearchAction","target":{"@type":"EntryPoint","urlTemplate":"https:\/\/alfreds-vintage-photography.com\/en\/?s={search_term_string}"},"query-input":{"@type":"PropertyValueSpecification","valueRequired":true,"valueName":"search_term_string"}}],"inLanguage":"en-US"}]}},"_links":{"self":[{"href":"https:\/\/alfreds-vintage-photography.com\/en\/wp-json\/wp\/v2\/product\/889"}],"collection":[{"href":"https:\/\/alfreds-vintage-photography.com\/en\/wp-json\/wp\/v2\/product"}],"about":[{"href":"https:\/\/alfreds-vintage-photography.com\/en\/wp-json\/wp\/v2\/types\/product"}],"wp:featuredmedia":[{"embeddable":true,"href":"https:\/\/alfreds-vintage-photography.com\/en\/wp-json\/wp\/v2\/media\/3302"}],"wp:attachment":[{"href":"https:\/\/alfreds-vintage-photography.com\/en\/wp-json\/wp\/v2\/media?parent=889"}],"wp:term":[{"taxonomy":"product_cat","embeddable":true,"href":"https:\/\/alfreds-vintage-photography.com\/en\/wp-json\/wp\/v2\/product_cat?post=889"},{"taxonomy":"product_tag","embeddable":true,"href":"https:\/\/alfreds-vintage-photography.com\/en\/wp-json\/wp\/v2\/product_tag?post=889"}],"curies":[{"name":"wp","href":"https:\/\/api.w.org\/{rel}","templated":true}]}}