{"id":873,"date":"2021-02-10T17:04:09","date_gmt":"2021-02-10T16:04:09","guid":{"rendered":"https:\/\/alfreds-vintage-photography.com\/?post_type=product&#038;p=873"},"modified":"2021-04-21T13:00:07","modified_gmt":"2021-04-21T11:00:07","slug":"richard-nixon-superstar","status":"publish","type":"product","link":"https:\/\/alfreds-vintage-photography.com\/en\/produkt\/richard-nixon-superstar\/","title":{"rendered":"Richard Nixon Superstar"},"content":{"rendered":"<div class=\"wpb-content-wrapper\"><p>[vc_row][vc_column][vc_custom_heading]Richard Nixon Superstar[\/vc_custom_heading][vc_column_text]In seiner Funktion als US-Au\u00dfenminister absolviert Richard Nixon im Mai 1958 einen Staatsbesuch in Bolivien. Noch am Rollfeld wird er von Journalisten und einer begeisterten Menge begr\u00fc\u00dft. Im Hintergrund ist der Flieger von Nixon zu sehen.<\/p>\n<p>Wir w\u00fcrden uns freuen, mehr \u00fcber die Personen auf den Fotos und das abgebildete Geschehen in Erfahrung zu bringen. Wer mehr dar\u00fcber wei\u00df \u2013 bitte bei <a href=\"mailto:alfred@alfreds-vintage-photography.com\">alfred@alfreds-vintage-photography.com<\/a> melden![\/vc_column_text][\/vc_column][\/vc_row]<\/p>\n<\/div>","protected":false},"excerpt":{"rendered":"<p>&#8220;Richard Nixon Superstar&#8221; In seiner Funktion als US-Au\u00dfenminister absolviert Richard Nixon im Mai 1958 einen Staatsbesuch in Bolivien. Hochwertiger Schwarz-Wei\u00df-Abzug auf Barytpapier.<\/p>\n","protected":false},"featured_media":876,"template":"","meta":[],"product_cat":[109,114],"product_tag":[148],"class_list":{"0":"post-873","1":"product","2":"type-product","3":"status-publish","4":"has-post-thumbnail","6":"product_cat-glamour-en","7":"product_cat-politics","8":"product_tag-richard-nixon-en","10":"first","11":"instock","12":"taxable","13":"shipping-taxable","14":"purchasable","15":"product-type-variable","16":"add-to-wishlist-after_add_to_cart"},"yoast_head":"<!-- This site is optimized with the Yoast SEO plugin v23.7 - https:\/\/yoast.com\/wordpress\/plugins\/seo\/ -->\n<title>Richard Nixon Superstar - Alfreds Vintage Photography<\/title>\n<meta name=\"robots\" content=\"index, follow, max-snippet:-1, max-image-preview:large, max-video-preview:-1\" \/>\n<link rel=\"canonical\" href=\"https:\/\/alfreds-vintage-photography.com\/en\/produkt\/richard-nixon-superstar\/\" \/>\n<meta property=\"og:locale\" content=\"en_US\" \/>\n<meta property=\"og:type\" content=\"article\" \/>\n<meta property=\"og:title\" content=\"Richard Nixon Superstar - Alfreds Vintage Photography\" \/>\n<meta property=\"og:description\" content=\"&quot;Richard Nixon Superstar&quot; In seiner Funktion als US-Au\u00dfenminister absolviert Richard Nixon im Mai 1958 einen Staatsbesuch in Bolivien. Hochwertiger Schwarz-Wei\u00df-Abzug auf Barytpapier.\" \/>\n<meta property=\"og:url\" content=\"https:\/\/alfreds-vintage-photography.com\/en\/produkt\/richard-nixon-superstar\/\" \/>\n<meta property=\"og:site_name\" content=\"Alfreds Vintage Photography\" \/>\n<meta property=\"article:modified_time\" content=\"2021-04-21T11:00:07+00:00\" \/>\n<meta property=\"og:image\" content=\"https:\/\/alfreds-vintage-photography.com\/wp-content\/uploads\/Richard-Nixon-Superstar-scaled.jpg\" \/>\n\t<meta property=\"og:image:width\" content=\"500\" \/>\n\t<meta property=\"og:image:height\" content=\"506\" \/>\n\t<meta property=\"og:image:type\" content=\"image\/jpeg\" \/>\n<meta name=\"twitter:card\" content=\"summary_large_image\" \/>\n<script type=\"application\/ld+json\" class=\"yoast-schema-graph\">{\"@context\":\"https:\/\/schema.org\",\"@graph\":[{\"@type\":\"WebPage\",\"@id\":\"https:\/\/alfreds-vintage-photography.com\/en\/produkt\/richard-nixon-superstar\/\",\"url\":\"https:\/\/alfreds-vintage-photography.com\/en\/produkt\/richard-nixon-superstar\/\",\"name\":\"Richard Nixon Superstar - Alfreds Vintage Photography\",\"isPartOf\":{\"@id\":\"https:\/\/alfreds-vintage-photography.com\/en\/#website\"},\"primaryImageOfPage\":{\"@id\":\"https:\/\/alfreds-vintage-photography.com\/en\/produkt\/richard-nixon-superstar\/#primaryimage\"},\"image\":{\"@id\":\"https:\/\/alfreds-vintage-photography.com\/en\/produkt\/richard-nixon-superstar\/#primaryimage\"},\"thumbnailUrl\":\"https:\/\/alfreds-vintage-photography.com\/wp-content\/uploads\/Richard-Nixon-Superstar-scaled.jpg\",\"datePublished\":\"2021-02-10T16:04:09+00:00\",\"dateModified\":\"2021-04-21T11:00:07+00:00\",\"breadcrumb\":{\"@id\":\"https:\/\/alfreds-vintage-photography.com\/en\/produkt\/richard-nixon-superstar\/#breadcrumb\"},\"inLanguage\":\"en-US\",\"potentialAction\":[{\"@type\":\"ReadAction\",\"target\":[\"https:\/\/alfreds-vintage-photography.com\/en\/produkt\/richard-nixon-superstar\/\"]}]},{\"@type\":\"ImageObject\",\"inLanguage\":\"en-US\",\"@id\":\"https:\/\/alfreds-vintage-photography.com\/en\/produkt\/richard-nixon-superstar\/#primaryimage\",\"url\":\"https:\/\/alfreds-vintage-photography.com\/wp-content\/uploads\/Richard-Nixon-Superstar-scaled.jpg\",\"contentUrl\":\"https:\/\/alfreds-vintage-photography.com\/wp-content\/uploads\/Richard-Nixon-Superstar-scaled.jpg\",\"width\":500,\"height\":506,\"caption\":\"Richard Nixon Superstar\"},{\"@type\":\"BreadcrumbList\",\"@id\":\"https:\/\/alfreds-vintage-photography.com\/en\/produkt\/richard-nixon-superstar\/#breadcrumb\",\"itemListElement\":[{\"@type\":\"ListItem\",\"position\":1,\"name\":\"Startseite\",\"item\":\"https:\/\/alfreds-vintage-photography.com\/en\/\"},{\"@type\":\"ListItem\",\"position\":2,\"name\":\"Alfreds Photography Shop\",\"item\":\"https:\/\/alfreds-vintage-photography.com\/en\/alfreds-photography-shop\/\"},{\"@type\":\"ListItem\",\"position\":3,\"name\":\"Richard Nixon Superstar\"}]},{\"@type\":\"WebSite\",\"@id\":\"https:\/\/alfreds-vintage-photography.com\/en\/#website\",\"url\":\"https:\/\/alfreds-vintage-photography.com\/en\/\",\"name\":\"Alfreds Vintage Photography\",\"description\":\"Abz\u00fcge und original Vintage Fotografien\",\"potentialAction\":[{\"@type\":\"SearchAction\",\"target\":{\"@type\":\"EntryPoint\",\"urlTemplate\":\"https:\/\/alfreds-vintage-photography.com\/en\/?s={search_term_string}\"},\"query-input\":{\"@type\":\"PropertyValueSpecification\",\"valueRequired\":true,\"valueName\":\"search_term_string\"}}],\"inLanguage\":\"en-US\"}]}<\/script>\n<!-- \/ Yoast SEO plugin. -->","yoast_head_json":{"title":"Richard Nixon Superstar - Alfreds Vintage Photography","robots":{"index":"index","follow":"follow","max-snippet":"max-snippet:-1","max-image-preview":"max-image-preview:large","max-video-preview":"max-video-preview:-1"},"canonical":"https:\/\/alfreds-vintage-photography.com\/en\/produkt\/richard-nixon-superstar\/","og_locale":"en_US","og_type":"article","og_title":"Richard Nixon Superstar - Alfreds Vintage Photography","og_description":"\"Richard Nixon Superstar\" In seiner Funktion als US-Au\u00dfenminister absolviert Richard Nixon im Mai 1958 einen Staatsbesuch in Bolivien. Hochwertiger Schwarz-Wei\u00df-Abzug auf Barytpapier.","og_url":"https:\/\/alfreds-vintage-photography.com\/en\/produkt\/richard-nixon-superstar\/","og_site_name":"Alfreds Vintage Photography","article_modified_time":"2021-04-21T11:00:07+00:00","og_image":[{"width":500,"height":506,"url":"https:\/\/alfreds-vintage-photography.com\/wp-content\/uploads\/Richard-Nixon-Superstar-scaled.jpg","type":"image\/jpeg"}],"twitter_card":"summary_large_image","schema":{"@context":"https:\/\/schema.org","@graph":[{"@type":"WebPage","@id":"https:\/\/alfreds-vintage-photography.com\/en\/produkt\/richard-nixon-superstar\/","url":"https:\/\/alfreds-vintage-photography.com\/en\/produkt\/richard-nixon-superstar\/","name":"Richard Nixon Superstar - Alfreds Vintage Photography","isPartOf":{"@id":"https:\/\/alfreds-vintage-photography.com\/en\/#website"},"primaryImageOfPage":{"@id":"https:\/\/alfreds-vintage-photography.com\/en\/produkt\/richard-nixon-superstar\/#primaryimage"},"image":{"@id":"https:\/\/alfreds-vintage-photography.com\/en\/produkt\/richard-nixon-superstar\/#primaryimage"},"thumbnailUrl":"https:\/\/alfreds-vintage-photography.com\/wp-content\/uploads\/Richard-Nixon-Superstar-scaled.jpg","datePublished":"2021-02-10T16:04:09+00:00","dateModified":"2021-04-21T11:00:07+00:00","breadcrumb":{"@id":"https:\/\/alfreds-vintage-photography.com\/en\/produkt\/richard-nixon-superstar\/#breadcrumb"},"inLanguage":"en-US","potentialAction":[{"@type":"ReadAction","target":["https:\/\/alfreds-vintage-photography.com\/en\/produkt\/richard-nixon-superstar\/"]}]},{"@type":"ImageObject","inLanguage":"en-US","@id":"https:\/\/alfreds-vintage-photography.com\/en\/produkt\/richard-nixon-superstar\/#primaryimage","url":"https:\/\/alfreds-vintage-photography.com\/wp-content\/uploads\/Richard-Nixon-Superstar-scaled.jpg","contentUrl":"https:\/\/alfreds-vintage-photography.com\/wp-content\/uploads\/Richard-Nixon-Superstar-scaled.jpg","width":500,"height":506,"caption":"Richard Nixon Superstar"},{"@type":"BreadcrumbList","@id":"https:\/\/alfreds-vintage-photography.com\/en\/produkt\/richard-nixon-superstar\/#breadcrumb","itemListElement":[{"@type":"ListItem","position":1,"name":"Startseite","item":"https:\/\/alfreds-vintage-photography.com\/en\/"},{"@type":"ListItem","position":2,"name":"Alfreds Photography Shop","item":"https:\/\/alfreds-vintage-photography.com\/en\/alfreds-photography-shop\/"},{"@type":"ListItem","position":3,"name":"Richard Nixon Superstar"}]},{"@type":"WebSite","@id":"https:\/\/alfreds-vintage-photography.com\/en\/#website","url":"https:\/\/alfreds-vintage-photography.com\/en\/","name":"Alfreds Vintage Photography","description":"Abz\u00fcge und original Vintage Fotografien","potentialAction":[{"@type":"SearchAction","target":{"@type":"EntryPoint","urlTemplate":"https:\/\/alfreds-vintage-photography.com\/en\/?s={search_term_string}"},"query-input":{"@type":"PropertyValueSpecification","valueRequired":true,"valueName":"search_term_string"}}],"inLanguage":"en-US"}]}},"_links":{"self":[{"href":"https:\/\/alfreds-vintage-photography.com\/en\/wp-json\/wp\/v2\/product\/873"}],"collection":[{"href":"https:\/\/alfreds-vintage-photography.com\/en\/wp-json\/wp\/v2\/product"}],"about":[{"href":"https:\/\/alfreds-vintage-photography.com\/en\/wp-json\/wp\/v2\/types\/product"}],"wp:featuredmedia":[{"embeddable":true,"href":"https:\/\/alfreds-vintage-photography.com\/en\/wp-json\/wp\/v2\/media\/876"}],"wp:attachment":[{"href":"https:\/\/alfreds-vintage-photography.com\/en\/wp-json\/wp\/v2\/media?parent=873"}],"wp:term":[{"taxonomy":"product_cat","embeddable":true,"href":"https:\/\/alfreds-vintage-photography.com\/en\/wp-json\/wp\/v2\/product_cat?post=873"},{"taxonomy":"product_tag","embeddable":true,"href":"https:\/\/alfreds-vintage-photography.com\/en\/wp-json\/wp\/v2\/product_tag?post=873"}],"curies":[{"name":"wp","href":"https:\/\/api.w.org\/{rel}","templated":true}]}}