{"id":867,"date":"2021-02-09T20:10:24","date_gmt":"2021-02-09T19:10:24","guid":{"rendered":"https:\/\/alfreds-vintage-photography.com\/?post_type=product&#038;p=867"},"modified":"2021-04-21T13:00:00","modified_gmt":"2021-04-21T11:00:00","slug":"vera-miles-im-lichtspielhaus","status":"publish","type":"product","link":"https:\/\/alfreds-vintage-photography.com\/en\/produkt\/vera-miles-im-lichtspielhaus\/","title":{"rendered":"Vera Miles im Lichtspielhaus"},"content":{"rendered":"<div class=\"wpb-content-wrapper\"><p>[vc_row][vc_column][vc_custom_heading]Vera Miles im Lichtspielhaus[\/vc_custom_heading][vc_column_text]Vera Miles und John Wayne sind anl\u00e4\u00dflich einer Filmpremiere in La Paz anwesend. Hier schreitet Vera Miles zum Podium eines Kinos, wo sie auch eine Rede halten wird. Wahrscheinlich wurde der Western \u201eThe Searchers\u201c gezeigt, in dem Vera Miles und John Wayne im Jahr 1956 die Hauptrollen gespielt haben.<\/p>\n<p>Wir w\u00fcrden uns freuen, mehr \u00fcber die Personen auf den Fotos und das abgebildete Geschehen in Erfahrung zu bringen. Wer mehr dar\u00fcber wei\u00df \u2013 bitte bei <a href=\"mailto:alfred@alfreds-vintage-photography.com\">alfred@alfreds-vintage-photography.com<\/a> melden![\/vc_column_text][\/vc_column][\/vc_row]<\/p>\n<\/div>","protected":false},"excerpt":{"rendered":"<p>&#8220;Vera Miles im Lichtspielhaus&#8221; als hochwertiger Schwarz-Wei\u00df-Abzug auf Barytpapier.\u00a0 Hier schreitet Vera Miles zum Podium eines Kinos, wo sie auch eine Rede halten wird. Wahrscheinlich wurde der Western \u201eThe Searchers\u201c gezeigt.<\/p>\n","protected":false},"featured_media":870,"template":"","meta":[],"product_cat":[109,115],"product_tag":[132,144],"class_list":{"0":"post-867","1":"product","2":"type-product","3":"status-publish","4":"has-post-thumbnail","6":"product_cat-glamour-en","7":"product_cat-actors","8":"product_tag-john-wayne-en","9":"product_tag-vera-miles-en","11":"first","12":"instock","13":"taxable","14":"shipping-taxable","15":"purchasable","16":"product-type-variable","17":"add-to-wishlist-after_add_to_cart"},"yoast_head":"<!-- This site is optimized with the Yoast SEO plugin v23.7 - https:\/\/yoast.com\/wordpress\/plugins\/seo\/ -->\n<title>Vera Miles im Lichtspielhaus - Alfreds Vintage Photography<\/title>\n<meta name=\"robots\" content=\"index, follow, max-snippet:-1, max-image-preview:large, max-video-preview:-1\" \/>\n<link rel=\"canonical\" href=\"https:\/\/alfreds-vintage-photography.com\/en\/produkt\/vera-miles-im-lichtspielhaus\/\" \/>\n<meta property=\"og:locale\" content=\"en_US\" \/>\n<meta property=\"og:type\" content=\"article\" \/>\n<meta property=\"og:title\" content=\"Vera Miles im Lichtspielhaus - Alfreds Vintage Photography\" \/>\n<meta property=\"og:description\" content=\"&quot;Vera Miles im Lichtspielhaus&quot; als hochwertiger Schwarz-Wei\u00df-Abzug auf Barytpapier.\u00a0 Hier schreitet Vera Miles zum Podium eines Kinos, wo sie auch eine Rede halten wird. Wahrscheinlich wurde der Western \u201eThe Searchers\u201c gezeigt.\" \/>\n<meta property=\"og:url\" content=\"https:\/\/alfreds-vintage-photography.com\/en\/produkt\/vera-miles-im-lichtspielhaus\/\" \/>\n<meta property=\"og:site_name\" content=\"Alfreds Vintage Photography\" \/>\n<meta property=\"article:modified_time\" content=\"2021-04-21T11:00:00+00:00\" \/>\n<meta property=\"og:image\" content=\"https:\/\/alfreds-vintage-photography.com\/wp-content\/uploads\/Vera-Miles-auf-dem-weg-zur-buehne-scaled.jpg\" \/>\n\t<meta property=\"og:image:width\" content=\"500\" \/>\n\t<meta property=\"og:image:height\" content=\"445\" \/>\n\t<meta property=\"og:image:type\" content=\"image\/jpeg\" \/>\n<meta name=\"twitter:card\" content=\"summary_large_image\" \/>\n<meta name=\"twitter:label1\" content=\"Est. reading time\" \/>\n\t<meta name=\"twitter:data1\" content=\"1 minute\" \/>\n<script type=\"application\/ld+json\" class=\"yoast-schema-graph\">{\"@context\":\"https:\/\/schema.org\",\"@graph\":[{\"@type\":\"WebPage\",\"@id\":\"https:\/\/alfreds-vintage-photography.com\/en\/produkt\/vera-miles-im-lichtspielhaus\/\",\"url\":\"https:\/\/alfreds-vintage-photography.com\/en\/produkt\/vera-miles-im-lichtspielhaus\/\",\"name\":\"Vera Miles im Lichtspielhaus - Alfreds Vintage Photography\",\"isPartOf\":{\"@id\":\"https:\/\/alfreds-vintage-photography.com\/en\/#website\"},\"primaryImageOfPage\":{\"@id\":\"https:\/\/alfreds-vintage-photography.com\/en\/produkt\/vera-miles-im-lichtspielhaus\/#primaryimage\"},\"image\":{\"@id\":\"https:\/\/alfreds-vintage-photography.com\/en\/produkt\/vera-miles-im-lichtspielhaus\/#primaryimage\"},\"thumbnailUrl\":\"https:\/\/alfreds-vintage-photography.com\/wp-content\/uploads\/Vera-Miles-auf-dem-weg-zur-buehne-scaled.jpg\",\"datePublished\":\"2021-02-09T19:10:24+00:00\",\"dateModified\":\"2021-04-21T11:00:00+00:00\",\"breadcrumb\":{\"@id\":\"https:\/\/alfreds-vintage-photography.com\/en\/produkt\/vera-miles-im-lichtspielhaus\/#breadcrumb\"},\"inLanguage\":\"en-US\",\"potentialAction\":[{\"@type\":\"ReadAction\",\"target\":[\"https:\/\/alfreds-vintage-photography.com\/en\/produkt\/vera-miles-im-lichtspielhaus\/\"]}]},{\"@type\":\"ImageObject\",\"inLanguage\":\"en-US\",\"@id\":\"https:\/\/alfreds-vintage-photography.com\/en\/produkt\/vera-miles-im-lichtspielhaus\/#primaryimage\",\"url\":\"https:\/\/alfreds-vintage-photography.com\/wp-content\/uploads\/Vera-Miles-auf-dem-weg-zur-buehne-scaled.jpg\",\"contentUrl\":\"https:\/\/alfreds-vintage-photography.com\/wp-content\/uploads\/Vera-Miles-auf-dem-weg-zur-buehne-scaled.jpg\",\"width\":500,\"height\":445,\"caption\":\"Vera Miles und John Wayne sind anl\u00e4\u00dflich einer Filmpremiere in La Paz anwesend. Hier schreitet Vera Miles zum Podium eines Kinos, wo sie auch eine Rede halten wird. Wahrscheinlich wurde der Western \u201eThe Searchers\u201c gezeigt, in dem Vera Miles und John Wayne im Jahr 1956 die Hauptrollen gespielt haben.\"},{\"@type\":\"BreadcrumbList\",\"@id\":\"https:\/\/alfreds-vintage-photography.com\/en\/produkt\/vera-miles-im-lichtspielhaus\/#breadcrumb\",\"itemListElement\":[{\"@type\":\"ListItem\",\"position\":1,\"name\":\"Startseite\",\"item\":\"https:\/\/alfreds-vintage-photography.com\/en\/\"},{\"@type\":\"ListItem\",\"position\":2,\"name\":\"Alfreds Photography Shop\",\"item\":\"https:\/\/alfreds-vintage-photography.com\/en\/alfreds-photography-shop\/\"},{\"@type\":\"ListItem\",\"position\":3,\"name\":\"Vera Miles im Lichtspielhaus\"}]},{\"@type\":\"WebSite\",\"@id\":\"https:\/\/alfreds-vintage-photography.com\/en\/#website\",\"url\":\"https:\/\/alfreds-vintage-photography.com\/en\/\",\"name\":\"Alfreds Vintage Photography\",\"description\":\"Abz\u00fcge und original Vintage Fotografien\",\"potentialAction\":[{\"@type\":\"SearchAction\",\"target\":{\"@type\":\"EntryPoint\",\"urlTemplate\":\"https:\/\/alfreds-vintage-photography.com\/en\/?s={search_term_string}\"},\"query-input\":{\"@type\":\"PropertyValueSpecification\",\"valueRequired\":true,\"valueName\":\"search_term_string\"}}],\"inLanguage\":\"en-US\"}]}<\/script>\n<!-- \/ Yoast SEO plugin. -->","yoast_head_json":{"title":"Vera Miles im Lichtspielhaus - Alfreds Vintage Photography","robots":{"index":"index","follow":"follow","max-snippet":"max-snippet:-1","max-image-preview":"max-image-preview:large","max-video-preview":"max-video-preview:-1"},"canonical":"https:\/\/alfreds-vintage-photography.com\/en\/produkt\/vera-miles-im-lichtspielhaus\/","og_locale":"en_US","og_type":"article","og_title":"Vera Miles im Lichtspielhaus - Alfreds Vintage Photography","og_description":"\"Vera Miles im Lichtspielhaus\" als hochwertiger Schwarz-Wei\u00df-Abzug auf Barytpapier.\u00a0 Hier schreitet Vera Miles zum Podium eines Kinos, wo sie auch eine Rede halten wird. Wahrscheinlich wurde der Western \u201eThe Searchers\u201c gezeigt.","og_url":"https:\/\/alfreds-vintage-photography.com\/en\/produkt\/vera-miles-im-lichtspielhaus\/","og_site_name":"Alfreds Vintage Photography","article_modified_time":"2021-04-21T11:00:00+00:00","og_image":[{"width":500,"height":445,"url":"https:\/\/alfreds-vintage-photography.com\/wp-content\/uploads\/Vera-Miles-auf-dem-weg-zur-buehne-scaled.jpg","type":"image\/jpeg"}],"twitter_card":"summary_large_image","twitter_misc":{"Est. reading time":"1 minute"},"schema":{"@context":"https:\/\/schema.org","@graph":[{"@type":"WebPage","@id":"https:\/\/alfreds-vintage-photography.com\/en\/produkt\/vera-miles-im-lichtspielhaus\/","url":"https:\/\/alfreds-vintage-photography.com\/en\/produkt\/vera-miles-im-lichtspielhaus\/","name":"Vera Miles im Lichtspielhaus - Alfreds Vintage Photography","isPartOf":{"@id":"https:\/\/alfreds-vintage-photography.com\/en\/#website"},"primaryImageOfPage":{"@id":"https:\/\/alfreds-vintage-photography.com\/en\/produkt\/vera-miles-im-lichtspielhaus\/#primaryimage"},"image":{"@id":"https:\/\/alfreds-vintage-photography.com\/en\/produkt\/vera-miles-im-lichtspielhaus\/#primaryimage"},"thumbnailUrl":"https:\/\/alfreds-vintage-photography.com\/wp-content\/uploads\/Vera-Miles-auf-dem-weg-zur-buehne-scaled.jpg","datePublished":"2021-02-09T19:10:24+00:00","dateModified":"2021-04-21T11:00:00+00:00","breadcrumb":{"@id":"https:\/\/alfreds-vintage-photography.com\/en\/produkt\/vera-miles-im-lichtspielhaus\/#breadcrumb"},"inLanguage":"en-US","potentialAction":[{"@type":"ReadAction","target":["https:\/\/alfreds-vintage-photography.com\/en\/produkt\/vera-miles-im-lichtspielhaus\/"]}]},{"@type":"ImageObject","inLanguage":"en-US","@id":"https:\/\/alfreds-vintage-photography.com\/en\/produkt\/vera-miles-im-lichtspielhaus\/#primaryimage","url":"https:\/\/alfreds-vintage-photography.com\/wp-content\/uploads\/Vera-Miles-auf-dem-weg-zur-buehne-scaled.jpg","contentUrl":"https:\/\/alfreds-vintage-photography.com\/wp-content\/uploads\/Vera-Miles-auf-dem-weg-zur-buehne-scaled.jpg","width":500,"height":445,"caption":"Vera Miles und John Wayne sind anl\u00e4\u00dflich einer Filmpremiere in La Paz anwesend. Hier schreitet Vera Miles zum Podium eines Kinos, wo sie auch eine Rede halten wird. Wahrscheinlich wurde der Western \u201eThe Searchers\u201c gezeigt, in dem Vera Miles und John Wayne im Jahr 1956 die Hauptrollen gespielt haben."},{"@type":"BreadcrumbList","@id":"https:\/\/alfreds-vintage-photography.com\/en\/produkt\/vera-miles-im-lichtspielhaus\/#breadcrumb","itemListElement":[{"@type":"ListItem","position":1,"name":"Startseite","item":"https:\/\/alfreds-vintage-photography.com\/en\/"},{"@type":"ListItem","position":2,"name":"Alfreds Photography Shop","item":"https:\/\/alfreds-vintage-photography.com\/en\/alfreds-photography-shop\/"},{"@type":"ListItem","position":3,"name":"Vera Miles im Lichtspielhaus"}]},{"@type":"WebSite","@id":"https:\/\/alfreds-vintage-photography.com\/en\/#website","url":"https:\/\/alfreds-vintage-photography.com\/en\/","name":"Alfreds Vintage Photography","description":"Abz\u00fcge und original Vintage Fotografien","potentialAction":[{"@type":"SearchAction","target":{"@type":"EntryPoint","urlTemplate":"https:\/\/alfreds-vintage-photography.com\/en\/?s={search_term_string}"},"query-input":{"@type":"PropertyValueSpecification","valueRequired":true,"valueName":"search_term_string"}}],"inLanguage":"en-US"}]}},"_links":{"self":[{"href":"https:\/\/alfreds-vintage-photography.com\/en\/wp-json\/wp\/v2\/product\/867"}],"collection":[{"href":"https:\/\/alfreds-vintage-photography.com\/en\/wp-json\/wp\/v2\/product"}],"about":[{"href":"https:\/\/alfreds-vintage-photography.com\/en\/wp-json\/wp\/v2\/types\/product"}],"wp:featuredmedia":[{"embeddable":true,"href":"https:\/\/alfreds-vintage-photography.com\/en\/wp-json\/wp\/v2\/media\/870"}],"wp:attachment":[{"href":"https:\/\/alfreds-vintage-photography.com\/en\/wp-json\/wp\/v2\/media?parent=867"}],"wp:term":[{"taxonomy":"product_cat","embeddable":true,"href":"https:\/\/alfreds-vintage-photography.com\/en\/wp-json\/wp\/v2\/product_cat?post=867"},{"taxonomy":"product_tag","embeddable":true,"href":"https:\/\/alfreds-vintage-photography.com\/en\/wp-json\/wp\/v2\/product_tag?post=867"}],"curies":[{"name":"wp","href":"https:\/\/api.w.org\/{rel}","templated":true}]}}