{"id":864,"date":"2020-12-03T12:31:26","date_gmt":"2020-12-03T11:31:26","guid":{"rendered":"https:\/\/alfreds-vintage-photography.com\/produkt\/flugzeugabsturz-mit-rauch-im-hintergrund\/"},"modified":"2021-04-21T12:59:34","modified_gmt":"2021-04-21T10:59:34","slug":"flugzeugabsturz-der-propeller","status":"publish","type":"product","link":"https:\/\/alfreds-vintage-photography.com\/en\/produkt\/flugzeugabsturz-der-propeller\/","title":{"rendered":"Flugzeugabsturz \u2013 der Propeller"},"content":{"rendered":"<div class=\"wpb-content-wrapper\"><p>[vc_row][vc_column][vc_custom_heading]Flugzeugabsturz \u2013 der Propeller[\/vc_custom_heading][vc_column_text]Auf einer Hochebene st\u00fcrzt eine gro\u00dfe Propellermaschine ab. Rauchende Flugzeugtr\u00fcmmer liegen in der flachen Landschaft verteilt und zahlreiche Zuschauer bestaunen die Katastrophe aus n\u00e4chster N\u00e4he. Der Fotograf fertigt eine Serie von Pressefotos an. Um welche Maschine es sich handelt, ist nicht bekannt.<\/p>\n<p>Wir w\u00fcrden uns freuen, mehr \u00fcber die Personen auf den Fotos und das abgebildete Geschehen in Erfahrung zu bringen. Wer mehr dar\u00fcber wei\u00df \u2013 bitte. bei <a href=\"mailto:alfred@alfreds-vintage-photography.com\">alfred@alfreds-vintage-photography.com<\/a> melden![\/vc_column_text][\/vc_column][\/vc_row]<\/p>\n<\/div>","protected":false},"excerpt":{"rendered":"<p>&#8220;Flugzeugabsturz \u2013 der Propeller&#8221;, als hochwertiger Schwarz-Wei\u00df-Abzug auf Barytpapier.<br \/>\nAuf einer Hochebene st\u00fcrzt eine gro\u00dfe Propellermaschine ab. Rauchende Flugzeugtr\u00fcmmer liegen in der flachen Landschaft verteilt.<\/p>\n","protected":false},"featured_media":573,"template":"","meta":[],"product_cat":[108,131],"product_tag":[140],"class_list":{"0":"post-864","1":"product","2":"type-product","3":"status-publish","4":"has-post-thumbnail","6":"product_cat-airplane","7":"product_cat-best-of-alfred-en","8":"product_tag-flugzeugabsturz-en","10":"first","11":"instock","12":"taxable","13":"shipping-taxable","14":"purchasable","15":"product-type-variable","16":"add-to-wishlist-after_add_to_cart"},"yoast_head":"<!-- This site is optimized with the Yoast SEO plugin v23.7 - https:\/\/yoast.com\/wordpress\/plugins\/seo\/ -->\n<title>Flugzeugabsturz \u2013 der Propeller - Alfreds Vintage Photography<\/title>\n<meta name=\"robots\" content=\"index, follow, max-snippet:-1, max-image-preview:large, max-video-preview:-1\" \/>\n<link rel=\"canonical\" href=\"https:\/\/alfreds-vintage-photography.com\/en\/produkt\/flugzeugabsturz-der-propeller\/\" \/>\n<meta property=\"og:locale\" content=\"en_US\" \/>\n<meta property=\"og:type\" content=\"article\" \/>\n<meta property=\"og:title\" content=\"Flugzeugabsturz \u2013 der Propeller - Alfreds Vintage Photography\" \/>\n<meta property=\"og:description\" content=\"&quot;Flugzeugabsturz \u2013 der Propeller&quot;, als hochwertiger Schwarz-Wei\u00df-Abzug auf Barytpapier. Auf einer Hochebene st\u00fcrzt eine gro\u00dfe Propellermaschine ab. Rauchende Flugzeugtr\u00fcmmer liegen in der flachen Landschaft verteilt.\" \/>\n<meta property=\"og:url\" content=\"https:\/\/alfreds-vintage-photography.com\/en\/produkt\/flugzeugabsturz-der-propeller\/\" \/>\n<meta property=\"og:site_name\" content=\"Alfreds Vintage Photography\" \/>\n<meta property=\"article:modified_time\" content=\"2021-04-21T10:59:34+00:00\" \/>\n<meta property=\"og:image\" content=\"https:\/\/alfreds-vintage-photography.com\/wp-content\/uploads\/IMG_20131008_0026-1-scaled.jpg\" \/>\n\t<meta property=\"og:image:width\" content=\"2522\" \/>\n\t<meta property=\"og:image:height\" content=\"2560\" \/>\n\t<meta property=\"og:image:type\" content=\"image\/jpeg\" \/>\n<meta name=\"twitter:card\" content=\"summary_large_image\" \/>\n<meta name=\"twitter:label1\" content=\"Est. reading time\" \/>\n\t<meta name=\"twitter:data1\" content=\"1 minute\" \/>\n<script type=\"application\/ld+json\" class=\"yoast-schema-graph\">{\"@context\":\"https:\/\/schema.org\",\"@graph\":[{\"@type\":\"WebPage\",\"@id\":\"https:\/\/alfreds-vintage-photography.com\/en\/produkt\/flugzeugabsturz-der-propeller\/\",\"url\":\"https:\/\/alfreds-vintage-photography.com\/en\/produkt\/flugzeugabsturz-der-propeller\/\",\"name\":\"Flugzeugabsturz \u2013 der Propeller - Alfreds Vintage Photography\",\"isPartOf\":{\"@id\":\"https:\/\/alfreds-vintage-photography.com\/en\/#website\"},\"primaryImageOfPage\":{\"@id\":\"https:\/\/alfreds-vintage-photography.com\/en\/produkt\/flugzeugabsturz-der-propeller\/#primaryimage\"},\"image\":{\"@id\":\"https:\/\/alfreds-vintage-photography.com\/en\/produkt\/flugzeugabsturz-der-propeller\/#primaryimage\"},\"thumbnailUrl\":\"https:\/\/alfreds-vintage-photography.com\/wp-content\/uploads\/IMG_20131008_0026-1-scaled.jpg\",\"datePublished\":\"2020-12-03T11:31:26+00:00\",\"dateModified\":\"2021-04-21T10:59:34+00:00\",\"breadcrumb\":{\"@id\":\"https:\/\/alfreds-vintage-photography.com\/en\/produkt\/flugzeugabsturz-der-propeller\/#breadcrumb\"},\"inLanguage\":\"en-US\",\"potentialAction\":[{\"@type\":\"ReadAction\",\"target\":[\"https:\/\/alfreds-vintage-photography.com\/en\/produkt\/flugzeugabsturz-der-propeller\/\"]}]},{\"@type\":\"ImageObject\",\"inLanguage\":\"en-US\",\"@id\":\"https:\/\/alfreds-vintage-photography.com\/en\/produkt\/flugzeugabsturz-der-propeller\/#primaryimage\",\"url\":\"https:\/\/alfreds-vintage-photography.com\/wp-content\/uploads\/IMG_20131008_0026-1-scaled.jpg\",\"contentUrl\":\"https:\/\/alfreds-vintage-photography.com\/wp-content\/uploads\/IMG_20131008_0026-1-scaled.jpg\",\"width\":2522,\"height\":2560},{\"@type\":\"BreadcrumbList\",\"@id\":\"https:\/\/alfreds-vintage-photography.com\/en\/produkt\/flugzeugabsturz-der-propeller\/#breadcrumb\",\"itemListElement\":[{\"@type\":\"ListItem\",\"position\":1,\"name\":\"Startseite\",\"item\":\"https:\/\/alfreds-vintage-photography.com\/en\/\"},{\"@type\":\"ListItem\",\"position\":2,\"name\":\"Alfreds Photography Shop\",\"item\":\"https:\/\/alfreds-vintage-photography.com\/en\/alfreds-photography-shop\/\"},{\"@type\":\"ListItem\",\"position\":3,\"name\":\"Flugzeugabsturz \u2013 der Propeller\"}]},{\"@type\":\"WebSite\",\"@id\":\"https:\/\/alfreds-vintage-photography.com\/en\/#website\",\"url\":\"https:\/\/alfreds-vintage-photography.com\/en\/\",\"name\":\"Alfreds Vintage Photography\",\"description\":\"Abz\u00fcge und original Vintage Fotografien\",\"potentialAction\":[{\"@type\":\"SearchAction\",\"target\":{\"@type\":\"EntryPoint\",\"urlTemplate\":\"https:\/\/alfreds-vintage-photography.com\/en\/?s={search_term_string}\"},\"query-input\":{\"@type\":\"PropertyValueSpecification\",\"valueRequired\":true,\"valueName\":\"search_term_string\"}}],\"inLanguage\":\"en-US\"}]}<\/script>\n<!-- \/ Yoast SEO plugin. -->","yoast_head_json":{"title":"Flugzeugabsturz \u2013 der Propeller - Alfreds Vintage Photography","robots":{"index":"index","follow":"follow","max-snippet":"max-snippet:-1","max-image-preview":"max-image-preview:large","max-video-preview":"max-video-preview:-1"},"canonical":"https:\/\/alfreds-vintage-photography.com\/en\/produkt\/flugzeugabsturz-der-propeller\/","og_locale":"en_US","og_type":"article","og_title":"Flugzeugabsturz \u2013 der Propeller - Alfreds Vintage Photography","og_description":"\"Flugzeugabsturz \u2013 der Propeller\", als hochwertiger Schwarz-Wei\u00df-Abzug auf Barytpapier. Auf einer Hochebene st\u00fcrzt eine gro\u00dfe Propellermaschine ab. Rauchende Flugzeugtr\u00fcmmer liegen in der flachen Landschaft verteilt.","og_url":"https:\/\/alfreds-vintage-photography.com\/en\/produkt\/flugzeugabsturz-der-propeller\/","og_site_name":"Alfreds Vintage Photography","article_modified_time":"2021-04-21T10:59:34+00:00","og_image":[{"width":2522,"height":2560,"url":"https:\/\/alfreds-vintage-photography.com\/wp-content\/uploads\/IMG_20131008_0026-1-scaled.jpg","type":"image\/jpeg"}],"twitter_card":"summary_large_image","twitter_misc":{"Est. reading time":"1 minute"},"schema":{"@context":"https:\/\/schema.org","@graph":[{"@type":"WebPage","@id":"https:\/\/alfreds-vintage-photography.com\/en\/produkt\/flugzeugabsturz-der-propeller\/","url":"https:\/\/alfreds-vintage-photography.com\/en\/produkt\/flugzeugabsturz-der-propeller\/","name":"Flugzeugabsturz \u2013 der Propeller - Alfreds Vintage Photography","isPartOf":{"@id":"https:\/\/alfreds-vintage-photography.com\/en\/#website"},"primaryImageOfPage":{"@id":"https:\/\/alfreds-vintage-photography.com\/en\/produkt\/flugzeugabsturz-der-propeller\/#primaryimage"},"image":{"@id":"https:\/\/alfreds-vintage-photography.com\/en\/produkt\/flugzeugabsturz-der-propeller\/#primaryimage"},"thumbnailUrl":"https:\/\/alfreds-vintage-photography.com\/wp-content\/uploads\/IMG_20131008_0026-1-scaled.jpg","datePublished":"2020-12-03T11:31:26+00:00","dateModified":"2021-04-21T10:59:34+00:00","breadcrumb":{"@id":"https:\/\/alfreds-vintage-photography.com\/en\/produkt\/flugzeugabsturz-der-propeller\/#breadcrumb"},"inLanguage":"en-US","potentialAction":[{"@type":"ReadAction","target":["https:\/\/alfreds-vintage-photography.com\/en\/produkt\/flugzeugabsturz-der-propeller\/"]}]},{"@type":"ImageObject","inLanguage":"en-US","@id":"https:\/\/alfreds-vintage-photography.com\/en\/produkt\/flugzeugabsturz-der-propeller\/#primaryimage","url":"https:\/\/alfreds-vintage-photography.com\/wp-content\/uploads\/IMG_20131008_0026-1-scaled.jpg","contentUrl":"https:\/\/alfreds-vintage-photography.com\/wp-content\/uploads\/IMG_20131008_0026-1-scaled.jpg","width":2522,"height":2560},{"@type":"BreadcrumbList","@id":"https:\/\/alfreds-vintage-photography.com\/en\/produkt\/flugzeugabsturz-der-propeller\/#breadcrumb","itemListElement":[{"@type":"ListItem","position":1,"name":"Startseite","item":"https:\/\/alfreds-vintage-photography.com\/en\/"},{"@type":"ListItem","position":2,"name":"Alfreds Photography Shop","item":"https:\/\/alfreds-vintage-photography.com\/en\/alfreds-photography-shop\/"},{"@type":"ListItem","position":3,"name":"Flugzeugabsturz \u2013 der Propeller"}]},{"@type":"WebSite","@id":"https:\/\/alfreds-vintage-photography.com\/en\/#website","url":"https:\/\/alfreds-vintage-photography.com\/en\/","name":"Alfreds Vintage Photography","description":"Abz\u00fcge und original Vintage Fotografien","potentialAction":[{"@type":"SearchAction","target":{"@type":"EntryPoint","urlTemplate":"https:\/\/alfreds-vintage-photography.com\/en\/?s={search_term_string}"},"query-input":{"@type":"PropertyValueSpecification","valueRequired":true,"valueName":"search_term_string"}}],"inLanguage":"en-US"}]}},"_links":{"self":[{"href":"https:\/\/alfreds-vintage-photography.com\/en\/wp-json\/wp\/v2\/product\/864"}],"collection":[{"href":"https:\/\/alfreds-vintage-photography.com\/en\/wp-json\/wp\/v2\/product"}],"about":[{"href":"https:\/\/alfreds-vintage-photography.com\/en\/wp-json\/wp\/v2\/types\/product"}],"wp:featuredmedia":[{"embeddable":true,"href":"https:\/\/alfreds-vintage-photography.com\/en\/wp-json\/wp\/v2\/media\/573"}],"wp:attachment":[{"href":"https:\/\/alfreds-vintage-photography.com\/en\/wp-json\/wp\/v2\/media?parent=864"}],"wp:term":[{"taxonomy":"product_cat","embeddable":true,"href":"https:\/\/alfreds-vintage-photography.com\/en\/wp-json\/wp\/v2\/product_cat?post=864"},{"taxonomy":"product_tag","embeddable":true,"href":"https:\/\/alfreds-vintage-photography.com\/en\/wp-json\/wp\/v2\/product_tag?post=864"}],"curies":[{"name":"wp","href":"https:\/\/api.w.org\/{rel}","templated":true}]}}