{"id":3212,"date":"2020-11-20T11:33:55","date_gmt":"2020-11-20T10:33:55","guid":{"rendered":"https:\/\/alfreds-vintage-photography.com\/produkt\/bankett-foto\/"},"modified":"2021-04-21T12:57:29","modified_gmt":"2021-04-21T10:57:29","slug":"bankett-foto","status":"publish","type":"product","link":"https:\/\/alfreds-vintage-photography.com\/en\/produkt\/bankett-foto\/","title":{"rendered":"Bankett"},"content":{"rendered":"<div class=\"wpb-content-wrapper\"><p>[vc_row][vc_column column_width_percent=&#8221;100&#8243; gutter_size=&#8221;3&#8243; overlay_alpha=&#8221;50&#8243; shift_x=&#8221;0&#8243; shift_y=&#8221;0&#8243; shift_y_down=&#8221;0&#8243; z_index=&#8221;0&#8243; medium_width=&#8221;0&#8243; mobile_width=&#8221;0&#8243;][vc_custom_heading auto_text=&#8221;yes&#8221;]This is a custom heading element.[\/vc_custom_heading][vc_column_text]Anl\u00e4\u00dflich des Staatsbesuchs eines Politikers wurde ein gr\u00f6\u00dferes Bankett veranstaltet. N\u00e4here Details sind nicht bekannt.[\/vc_column_text][\/vc_column][\/vc_row]<\/p>\n<\/div>","protected":false},"excerpt":{"rendered":"<p>&#8220;Bankett&#8221; hochwertiger schwarz-weiss Originalabzug auf hochwertigem Barytpapier.<\/p>\n","protected":false},"featured_media":459,"template":"","meta":[],"product_cat":[109],"product_tag":[],"class_list":{"0":"post-3212","1":"product","2":"type-product","3":"status-publish","4":"has-post-thumbnail","6":"product_cat-glamour-en","8":"first","9":"instock","10":"taxable","11":"shipping-taxable","12":"purchasable","13":"product-type-variable","14":"add-to-wishlist-after_add_to_cart"},"yoast_head":"<!-- This site is optimized with the Yoast SEO plugin v23.7 - https:\/\/yoast.com\/wordpress\/plugins\/seo\/ -->\n<title>Bankett - Alfreds Vintage Photography<\/title>\n<meta name=\"robots\" content=\"index, follow, max-snippet:-1, max-image-preview:large, max-video-preview:-1\" \/>\n<link rel=\"canonical\" href=\"https:\/\/alfreds-vintage-photography.com\/en\/produkt\/bankett-foto\/\" \/>\n<meta property=\"og:locale\" content=\"en_US\" \/>\n<meta property=\"og:type\" content=\"article\" \/>\n<meta property=\"og:title\" content=\"Bankett - Alfreds Vintage Photography\" \/>\n<meta property=\"og:description\" content=\"&quot;Bankett&quot; hochwertiger schwarz-weiss Originalabzug auf hochwertigem Barytpapier.\" \/>\n<meta property=\"og:url\" content=\"https:\/\/alfreds-vintage-photography.com\/en\/produkt\/bankett-foto\/\" \/>\n<meta property=\"og:site_name\" content=\"Alfreds Vintage Photography\" \/>\n<meta property=\"article:modified_time\" content=\"2021-04-21T10:57:29+00:00\" \/>\n<meta property=\"og:image\" content=\"https:\/\/alfreds-vintage-photography.com\/wp-content\/uploads\/essenstafel-viele-menschen-scaled.jpg\" \/>\n\t<meta property=\"og:image:width\" content=\"2560\" \/>\n\t<meta property=\"og:image:height\" content=\"2052\" \/>\n\t<meta property=\"og:image:type\" content=\"image\/jpeg\" \/>\n<meta name=\"twitter:card\" content=\"summary_large_image\" \/>\n<script type=\"application\/ld+json\" class=\"yoast-schema-graph\">{\"@context\":\"https:\/\/schema.org\",\"@graph\":[{\"@type\":\"WebPage\",\"@id\":\"https:\/\/alfreds-vintage-photography.com\/en\/produkt\/bankett-foto\/\",\"url\":\"https:\/\/alfreds-vintage-photography.com\/en\/produkt\/bankett-foto\/\",\"name\":\"Bankett - Alfreds Vintage Photography\",\"isPartOf\":{\"@id\":\"https:\/\/alfreds-vintage-photography.com\/en\/#website\"},\"primaryImageOfPage\":{\"@id\":\"https:\/\/alfreds-vintage-photography.com\/en\/produkt\/bankett-foto\/#primaryimage\"},\"image\":{\"@id\":\"https:\/\/alfreds-vintage-photography.com\/en\/produkt\/bankett-foto\/#primaryimage\"},\"thumbnailUrl\":\"https:\/\/alfreds-vintage-photography.com\/wp-content\/uploads\/essenstafel-viele-menschen-scaled.jpg\",\"datePublished\":\"2020-11-20T10:33:55+00:00\",\"dateModified\":\"2021-04-21T10:57:29+00:00\",\"breadcrumb\":{\"@id\":\"https:\/\/alfreds-vintage-photography.com\/en\/produkt\/bankett-foto\/#breadcrumb\"},\"inLanguage\":\"en-US\",\"potentialAction\":[{\"@type\":\"ReadAction\",\"target\":[\"https:\/\/alfreds-vintage-photography.com\/en\/produkt\/bankett-foto\/\"]}]},{\"@type\":\"ImageObject\",\"inLanguage\":\"en-US\",\"@id\":\"https:\/\/alfreds-vintage-photography.com\/en\/produkt\/bankett-foto\/#primaryimage\",\"url\":\"https:\/\/alfreds-vintage-photography.com\/wp-content\/uploads\/essenstafel-viele-menschen-scaled.jpg\",\"contentUrl\":\"https:\/\/alfreds-vintage-photography.com\/wp-content\/uploads\/essenstafel-viele-menschen-scaled.jpg\",\"width\":2560,\"height\":2052},{\"@type\":\"BreadcrumbList\",\"@id\":\"https:\/\/alfreds-vintage-photography.com\/en\/produkt\/bankett-foto\/#breadcrumb\",\"itemListElement\":[{\"@type\":\"ListItem\",\"position\":1,\"name\":\"Startseite\",\"item\":\"https:\/\/alfreds-vintage-photography.com\/en\/\"},{\"@type\":\"ListItem\",\"position\":2,\"name\":\"Alfreds Photography Shop\",\"item\":\"https:\/\/alfreds-vintage-photography.com\/en\/alfreds-photography-shop\/\"},{\"@type\":\"ListItem\",\"position\":3,\"name\":\"Bankett\"}]},{\"@type\":\"WebSite\",\"@id\":\"https:\/\/alfreds-vintage-photography.com\/en\/#website\",\"url\":\"https:\/\/alfreds-vintage-photography.com\/en\/\",\"name\":\"Alfreds Vintage Photography\",\"description\":\"Abz\u00fcge und original Vintage Fotografien\",\"potentialAction\":[{\"@type\":\"SearchAction\",\"target\":{\"@type\":\"EntryPoint\",\"urlTemplate\":\"https:\/\/alfreds-vintage-photography.com\/en\/?s={search_term_string}\"},\"query-input\":{\"@type\":\"PropertyValueSpecification\",\"valueRequired\":true,\"valueName\":\"search_term_string\"}}],\"inLanguage\":\"en-US\"}]}<\/script>\n<!-- \/ Yoast SEO plugin. -->","yoast_head_json":{"title":"Bankett - Alfreds Vintage Photography","robots":{"index":"index","follow":"follow","max-snippet":"max-snippet:-1","max-image-preview":"max-image-preview:large","max-video-preview":"max-video-preview:-1"},"canonical":"https:\/\/alfreds-vintage-photography.com\/en\/produkt\/bankett-foto\/","og_locale":"en_US","og_type":"article","og_title":"Bankett - Alfreds Vintage Photography","og_description":"\"Bankett\" hochwertiger schwarz-weiss Originalabzug auf hochwertigem Barytpapier.","og_url":"https:\/\/alfreds-vintage-photography.com\/en\/produkt\/bankett-foto\/","og_site_name":"Alfreds Vintage Photography","article_modified_time":"2021-04-21T10:57:29+00:00","og_image":[{"width":2560,"height":2052,"url":"https:\/\/alfreds-vintage-photography.com\/wp-content\/uploads\/essenstafel-viele-menschen-scaled.jpg","type":"image\/jpeg"}],"twitter_card":"summary_large_image","schema":{"@context":"https:\/\/schema.org","@graph":[{"@type":"WebPage","@id":"https:\/\/alfreds-vintage-photography.com\/en\/produkt\/bankett-foto\/","url":"https:\/\/alfreds-vintage-photography.com\/en\/produkt\/bankett-foto\/","name":"Bankett - Alfreds Vintage Photography","isPartOf":{"@id":"https:\/\/alfreds-vintage-photography.com\/en\/#website"},"primaryImageOfPage":{"@id":"https:\/\/alfreds-vintage-photography.com\/en\/produkt\/bankett-foto\/#primaryimage"},"image":{"@id":"https:\/\/alfreds-vintage-photography.com\/en\/produkt\/bankett-foto\/#primaryimage"},"thumbnailUrl":"https:\/\/alfreds-vintage-photography.com\/wp-content\/uploads\/essenstafel-viele-menschen-scaled.jpg","datePublished":"2020-11-20T10:33:55+00:00","dateModified":"2021-04-21T10:57:29+00:00","breadcrumb":{"@id":"https:\/\/alfreds-vintage-photography.com\/en\/produkt\/bankett-foto\/#breadcrumb"},"inLanguage":"en-US","potentialAction":[{"@type":"ReadAction","target":["https:\/\/alfreds-vintage-photography.com\/en\/produkt\/bankett-foto\/"]}]},{"@type":"ImageObject","inLanguage":"en-US","@id":"https:\/\/alfreds-vintage-photography.com\/en\/produkt\/bankett-foto\/#primaryimage","url":"https:\/\/alfreds-vintage-photography.com\/wp-content\/uploads\/essenstafel-viele-menschen-scaled.jpg","contentUrl":"https:\/\/alfreds-vintage-photography.com\/wp-content\/uploads\/essenstafel-viele-menschen-scaled.jpg","width":2560,"height":2052},{"@type":"BreadcrumbList","@id":"https:\/\/alfreds-vintage-photography.com\/en\/produkt\/bankett-foto\/#breadcrumb","itemListElement":[{"@type":"ListItem","position":1,"name":"Startseite","item":"https:\/\/alfreds-vintage-photography.com\/en\/"},{"@type":"ListItem","position":2,"name":"Alfreds Photography Shop","item":"https:\/\/alfreds-vintage-photography.com\/en\/alfreds-photography-shop\/"},{"@type":"ListItem","position":3,"name":"Bankett"}]},{"@type":"WebSite","@id":"https:\/\/alfreds-vintage-photography.com\/en\/#website","url":"https:\/\/alfreds-vintage-photography.com\/en\/","name":"Alfreds Vintage Photography","description":"Abz\u00fcge und original Vintage Fotografien","potentialAction":[{"@type":"SearchAction","target":{"@type":"EntryPoint","urlTemplate":"https:\/\/alfreds-vintage-photography.com\/en\/?s={search_term_string}"},"query-input":{"@type":"PropertyValueSpecification","valueRequired":true,"valueName":"search_term_string"}}],"inLanguage":"en-US"}]}},"_links":{"self":[{"href":"https:\/\/alfreds-vintage-photography.com\/en\/wp-json\/wp\/v2\/product\/3212"}],"collection":[{"href":"https:\/\/alfreds-vintage-photography.com\/en\/wp-json\/wp\/v2\/product"}],"about":[{"href":"https:\/\/alfreds-vintage-photography.com\/en\/wp-json\/wp\/v2\/types\/product"}],"wp:featuredmedia":[{"embeddable":true,"href":"https:\/\/alfreds-vintage-photography.com\/en\/wp-json\/wp\/v2\/media\/459"}],"wp:attachment":[{"href":"https:\/\/alfreds-vintage-photography.com\/en\/wp-json\/wp\/v2\/media?parent=3212"}],"wp:term":[{"taxonomy":"product_cat","embeddable":true,"href":"https:\/\/alfreds-vintage-photography.com\/en\/wp-json\/wp\/v2\/product_cat?post=3212"},{"taxonomy":"product_tag","embeddable":true,"href":"https:\/\/alfreds-vintage-photography.com\/en\/wp-json\/wp\/v2\/product_tag?post=3212"}],"curies":[{"name":"wp","href":"https:\/\/api.w.org\/{rel}","templated":true}]}}