{"id":270,"date":"2020-11-25T07:31:07","date_gmt":"2020-11-25T06:31:07","guid":{"rendered":"https:\/\/alfreds-vintage-photography.com\/?post_type=product&#038;p=270"},"modified":"2021-04-21T12:58:42","modified_gmt":"2021-04-21T10:58:42","slug":"maskiertes-paerchen","status":"publish","type":"product","link":"https:\/\/alfreds-vintage-photography.com\/en\/produkt\/maskiertes-paerchen\/","title":{"rendered":"Maskiertes P\u00e4rchen"},"content":{"rendered":"<div class=\"wpb-content-wrapper\"><p>[vc_row][vc_column][vc_custom_heading]Maskiertes P\u00e4rchen[\/vc_custom_heading][vc_column_text]Der Pressefotograf macht eine Aufnahme eines maskierten Paares inmitten des bunten Karnevaltreibens. Die Aufnahme ist leicht unscharf. Aber wer sind die beiden? Von Statur und Kleidung der Dame ausgehend k\u00f6nnte es sein, dass Marlene Dietrich unter der Maske steckt. Immerhin nimmt der Filmstar an der Abendveranstaltung teil. Aber genau wissen wird man es nie.<\/p>\n<p><i>Wir w\u00fcrden uns freuen, mehr \u00fcber die Personen auf den Fotos und das abgebildete Geschehen in Erfahrung zu bringen. Wer etwas dar\u00fcber wei\u00df \u2013 bitte melden!<\/i>[\/vc_column_text][\/vc_column][\/vc_row]<\/p>\n<\/div>","protected":false},"excerpt":{"rendered":"<p>&#8220;Maskiertes P\u00e4rchen&#8221;<i>, Format: 20 x 20 cm, hochwertiger Schwarz-Wei\u00df-Abzug auf Barytpapier<\/i><\/p>\n<p>&nbsp;<\/p>\n","protected":false},"featured_media":254,"template":"","meta":[],"product_cat":[62,127],"product_tag":[63],"class_list":{"0":"post-270","1":"product","2":"type-product","3":"status-publish","4":"has-post-thumbnail","6":"product_cat-karneval","7":"product_cat-best-of-alfred","8":"product_tag-masken","10":"first","11":"instock","12":"taxable","13":"shipping-taxable","14":"purchasable","15":"product-type-variable","16":"add-to-wishlist-after_add_to_cart"},"yoast_head":"<!-- This site is optimized with the Yoast SEO plugin v23.7 - https:\/\/yoast.com\/wordpress\/plugins\/seo\/ -->\n<title>Maskiertes P\u00e4rchen - Alfreds Vintage Photography<\/title>\n<meta name=\"robots\" content=\"index, follow, max-snippet:-1, max-image-preview:large, max-video-preview:-1\" \/>\n<link rel=\"canonical\" href=\"https:\/\/alfreds-vintage-photography.com\/en\/produkt\/maskiertes-paerchen\/\" \/>\n<meta property=\"og:locale\" content=\"en_US\" \/>\n<meta property=\"og:type\" content=\"article\" \/>\n<meta property=\"og:title\" content=\"Maskiertes P\u00e4rchen - Alfreds Vintage Photography\" \/>\n<meta property=\"og:description\" content=\"&quot;Maskiertes P\u00e4rchen&quot;, Format: 20 x 20 cm, hochwertiger Schwarz-Wei\u00df-Abzug auf Barytpapier  &nbsp;\" \/>\n<meta property=\"og:url\" content=\"https:\/\/alfreds-vintage-photography.com\/en\/produkt\/maskiertes-paerchen\/\" \/>\n<meta property=\"og:site_name\" content=\"Alfreds Vintage Photography\" \/>\n<meta property=\"article:modified_time\" content=\"2021-04-21T10:58:42+00:00\" \/>\n<meta property=\"og:image\" content=\"https:\/\/alfreds-vintage-photography.com\/wp-content\/uploads\/IMG_20131008_0046-scaled.jpg\" \/>\n\t<meta property=\"og:image:width\" content=\"2048\" \/>\n\t<meta property=\"og:image:height\" content=\"2048\" \/>\n\t<meta property=\"og:image:type\" content=\"image\/jpeg\" \/>\n<meta name=\"twitter:card\" content=\"summary_large_image\" \/>\n<meta name=\"twitter:label1\" content=\"Est. reading time\" \/>\n\t<meta name=\"twitter:data1\" content=\"1 minute\" \/>\n<script type=\"application\/ld+json\" class=\"yoast-schema-graph\">{\"@context\":\"https:\/\/schema.org\",\"@graph\":[{\"@type\":\"WebPage\",\"@id\":\"https:\/\/alfreds-vintage-photography.com\/en\/produkt\/maskiertes-paerchen\/\",\"url\":\"https:\/\/alfreds-vintage-photography.com\/en\/produkt\/maskiertes-paerchen\/\",\"name\":\"Maskiertes P\u00e4rchen - Alfreds Vintage Photography\",\"isPartOf\":{\"@id\":\"https:\/\/alfreds-vintage-photography.com\/en\/#website\"},\"primaryImageOfPage\":{\"@id\":\"https:\/\/alfreds-vintage-photography.com\/en\/produkt\/maskiertes-paerchen\/#primaryimage\"},\"image\":{\"@id\":\"https:\/\/alfreds-vintage-photography.com\/en\/produkt\/maskiertes-paerchen\/#primaryimage\"},\"thumbnailUrl\":\"https:\/\/alfreds-vintage-photography.com\/wp-content\/uploads\/IMG_20131008_0046-scaled.jpg\",\"datePublished\":\"2020-11-25T06:31:07+00:00\",\"dateModified\":\"2021-04-21T10:58:42+00:00\",\"breadcrumb\":{\"@id\":\"https:\/\/alfreds-vintage-photography.com\/en\/produkt\/maskiertes-paerchen\/#breadcrumb\"},\"inLanguage\":\"en-US\",\"potentialAction\":[{\"@type\":\"ReadAction\",\"target\":[\"https:\/\/alfreds-vintage-photography.com\/en\/produkt\/maskiertes-paerchen\/\"]}]},{\"@type\":\"ImageObject\",\"inLanguage\":\"en-US\",\"@id\":\"https:\/\/alfreds-vintage-photography.com\/en\/produkt\/maskiertes-paerchen\/#primaryimage\",\"url\":\"https:\/\/alfreds-vintage-photography.com\/wp-content\/uploads\/IMG_20131008_0046-scaled.jpg\",\"contentUrl\":\"https:\/\/alfreds-vintage-photography.com\/wp-content\/uploads\/IMG_20131008_0046-scaled.jpg\",\"width\":2048,\"height\":2048},{\"@type\":\"BreadcrumbList\",\"@id\":\"https:\/\/alfreds-vintage-photography.com\/en\/produkt\/maskiertes-paerchen\/#breadcrumb\",\"itemListElement\":[{\"@type\":\"ListItem\",\"position\":1,\"name\":\"Startseite\",\"item\":\"https:\/\/alfreds-vintage-photography.com\/en\/\"},{\"@type\":\"ListItem\",\"position\":2,\"name\":\"Alfreds Photography Shop\",\"item\":\"https:\/\/alfreds-vintage-photography.com\/en\/alfreds-photography-shop\/\"},{\"@type\":\"ListItem\",\"position\":3,\"name\":\"Maskiertes P\u00e4rchen\"}]},{\"@type\":\"WebSite\",\"@id\":\"https:\/\/alfreds-vintage-photography.com\/en\/#website\",\"url\":\"https:\/\/alfreds-vintage-photography.com\/en\/\",\"name\":\"Alfreds Vintage Photography\",\"description\":\"Abz\u00fcge und original Vintage Fotografien\",\"potentialAction\":[{\"@type\":\"SearchAction\",\"target\":{\"@type\":\"EntryPoint\",\"urlTemplate\":\"https:\/\/alfreds-vintage-photography.com\/en\/?s={search_term_string}\"},\"query-input\":{\"@type\":\"PropertyValueSpecification\",\"valueRequired\":true,\"valueName\":\"search_term_string\"}}],\"inLanguage\":\"en-US\"}]}<\/script>\n<!-- \/ Yoast SEO plugin. -->","yoast_head_json":{"title":"Maskiertes P\u00e4rchen - Alfreds Vintage Photography","robots":{"index":"index","follow":"follow","max-snippet":"max-snippet:-1","max-image-preview":"max-image-preview:large","max-video-preview":"max-video-preview:-1"},"canonical":"https:\/\/alfreds-vintage-photography.com\/en\/produkt\/maskiertes-paerchen\/","og_locale":"en_US","og_type":"article","og_title":"Maskiertes P\u00e4rchen - Alfreds Vintage Photography","og_description":"\"Maskiertes P\u00e4rchen\", Format: 20 x 20 cm, hochwertiger Schwarz-Wei\u00df-Abzug auf Barytpapier  &nbsp;","og_url":"https:\/\/alfreds-vintage-photography.com\/en\/produkt\/maskiertes-paerchen\/","og_site_name":"Alfreds Vintage Photography","article_modified_time":"2021-04-21T10:58:42+00:00","og_image":[{"width":2048,"height":2048,"url":"https:\/\/alfreds-vintage-photography.com\/wp-content\/uploads\/IMG_20131008_0046-scaled.jpg","type":"image\/jpeg"}],"twitter_card":"summary_large_image","twitter_misc":{"Est. reading time":"1 minute"},"schema":{"@context":"https:\/\/schema.org","@graph":[{"@type":"WebPage","@id":"https:\/\/alfreds-vintage-photography.com\/en\/produkt\/maskiertes-paerchen\/","url":"https:\/\/alfreds-vintage-photography.com\/en\/produkt\/maskiertes-paerchen\/","name":"Maskiertes P\u00e4rchen - Alfreds Vintage Photography","isPartOf":{"@id":"https:\/\/alfreds-vintage-photography.com\/en\/#website"},"primaryImageOfPage":{"@id":"https:\/\/alfreds-vintage-photography.com\/en\/produkt\/maskiertes-paerchen\/#primaryimage"},"image":{"@id":"https:\/\/alfreds-vintage-photography.com\/en\/produkt\/maskiertes-paerchen\/#primaryimage"},"thumbnailUrl":"https:\/\/alfreds-vintage-photography.com\/wp-content\/uploads\/IMG_20131008_0046-scaled.jpg","datePublished":"2020-11-25T06:31:07+00:00","dateModified":"2021-04-21T10:58:42+00:00","breadcrumb":{"@id":"https:\/\/alfreds-vintage-photography.com\/en\/produkt\/maskiertes-paerchen\/#breadcrumb"},"inLanguage":"en-US","potentialAction":[{"@type":"ReadAction","target":["https:\/\/alfreds-vintage-photography.com\/en\/produkt\/maskiertes-paerchen\/"]}]},{"@type":"ImageObject","inLanguage":"en-US","@id":"https:\/\/alfreds-vintage-photography.com\/en\/produkt\/maskiertes-paerchen\/#primaryimage","url":"https:\/\/alfreds-vintage-photography.com\/wp-content\/uploads\/IMG_20131008_0046-scaled.jpg","contentUrl":"https:\/\/alfreds-vintage-photography.com\/wp-content\/uploads\/IMG_20131008_0046-scaled.jpg","width":2048,"height":2048},{"@type":"BreadcrumbList","@id":"https:\/\/alfreds-vintage-photography.com\/en\/produkt\/maskiertes-paerchen\/#breadcrumb","itemListElement":[{"@type":"ListItem","position":1,"name":"Startseite","item":"https:\/\/alfreds-vintage-photography.com\/en\/"},{"@type":"ListItem","position":2,"name":"Alfreds Photography Shop","item":"https:\/\/alfreds-vintage-photography.com\/en\/alfreds-photography-shop\/"},{"@type":"ListItem","position":3,"name":"Maskiertes P\u00e4rchen"}]},{"@type":"WebSite","@id":"https:\/\/alfreds-vintage-photography.com\/en\/#website","url":"https:\/\/alfreds-vintage-photography.com\/en\/","name":"Alfreds Vintage Photography","description":"Abz\u00fcge und original Vintage Fotografien","potentialAction":[{"@type":"SearchAction","target":{"@type":"EntryPoint","urlTemplate":"https:\/\/alfreds-vintage-photography.com\/en\/?s={search_term_string}"},"query-input":{"@type":"PropertyValueSpecification","valueRequired":true,"valueName":"search_term_string"}}],"inLanguage":"en-US"}]}},"_links":{"self":[{"href":"https:\/\/alfreds-vintage-photography.com\/en\/wp-json\/wp\/v2\/product\/270"}],"collection":[{"href":"https:\/\/alfreds-vintage-photography.com\/en\/wp-json\/wp\/v2\/product"}],"about":[{"href":"https:\/\/alfreds-vintage-photography.com\/en\/wp-json\/wp\/v2\/types\/product"}],"wp:featuredmedia":[{"embeddable":true,"href":"https:\/\/alfreds-vintage-photography.com\/en\/wp-json\/wp\/v2\/media\/254"}],"wp:attachment":[{"href":"https:\/\/alfreds-vintage-photography.com\/en\/wp-json\/wp\/v2\/media?parent=270"}],"wp:term":[{"taxonomy":"product_cat","embeddable":true,"href":"https:\/\/alfreds-vintage-photography.com\/en\/wp-json\/wp\/v2\/product_cat?post=270"},{"taxonomy":"product_tag","embeddable":true,"href":"https:\/\/alfreds-vintage-photography.com\/en\/wp-json\/wp\/v2\/product_tag?post=270"}],"curies":[{"name":"wp","href":"https:\/\/api.w.org\/{rel}","templated":true}]}}