{"id":2502,"date":"2021-02-23T22:57:27","date_gmt":"2021-02-23T21:57:27","guid":{"rendered":"https:\/\/alfreds-vintage-photography.com\/?post_type=product&#038;p=2502"},"modified":"2021-04-21T12:53:32","modified_gmt":"2021-04-21T10:53:32","slug":"indiofrauen-mit-hut","status":"publish","type":"product","link":"https:\/\/alfreds-vintage-photography.com\/en\/produkt\/indiofrauen-mit-hut\/","title":{"rendered":"Indiofrauen mit Hut"},"content":{"rendered":"<div class=\"wpb-content-wrapper\"><p>[vc_row][vc_column][vc_custom_heading]Indiofrauen mit Hut[\/vc_custom_heading][vc_column_text]Diese Aufnahme stammt von der \u00e4ltesten Negativrolle des Materials. Yelincic hat auf diesem Film Szenen verschiedener Indianerst\u00e4mme aufgenommen, die bei einem Stammestreffen oder einer \u00fcberregionalen Feierlichkeit anwesend waren. Die Aufnahmen d\u00fcrften aus den 1940er Jahren stammen und zeigen sichtbare Alterserscheinungen.<\/p>\n<p>Wir w\u00fcrden uns freuen, mehr \u00fcber die Personen auf den Fotos und das abgebildete Geschehen in Erfahrung zu bringen. Wer mehr dar\u00fcber wei\u00df \u2013 bitte bei <a href=\"mailto:alfred@alfreds-vintage-photography.com\">alfred@alfreds-vintage-photography.com<\/a> melden![\/vc_column_text][\/vc_column][\/vc_row]<\/p>\n<\/div>","protected":false},"excerpt":{"rendered":"<p>&#8220;Indiofrauen mit Hut&#8221; als hochwertiger Schwarz-Wei\u00df-Abzug auf Barytpapier.<\/p>\n","protected":false},"featured_media":1935,"template":"","meta":[],"product_cat":[110],"product_tag":[],"class_list":{"0":"post-2502","1":"product","2":"type-product","3":"status-publish","4":"has-post-thumbnail","6":"product_cat-indigenes","8":"first","9":"instock","10":"taxable","11":"shipping-taxable","12":"purchasable","13":"product-type-variable","14":"add-to-wishlist-after_add_to_cart"},"yoast_head":"<!-- This site is optimized with the Yoast SEO plugin v23.7 - https:\/\/yoast.com\/wordpress\/plugins\/seo\/ -->\n<title>Indiofrauen mit Hut - Alfreds Vintage Photography<\/title>\n<meta name=\"robots\" content=\"index, follow, max-snippet:-1, max-image-preview:large, max-video-preview:-1\" \/>\n<link rel=\"canonical\" href=\"https:\/\/alfreds-vintage-photography.com\/en\/produkt\/indiofrauen-mit-hut\/\" \/>\n<meta property=\"og:locale\" content=\"en_US\" \/>\n<meta property=\"og:type\" content=\"article\" \/>\n<meta property=\"og:title\" content=\"Indiofrauen mit Hut - Alfreds Vintage Photography\" \/>\n<meta property=\"og:description\" content=\"&quot;Indiofrauen mit Hut&quot; als hochwertiger Schwarz-Wei\u00df-Abzug auf Barytpapier.\" \/>\n<meta property=\"og:url\" content=\"https:\/\/alfreds-vintage-photography.com\/en\/produkt\/indiofrauen-mit-hut\/\" \/>\n<meta property=\"og:site_name\" content=\"Alfreds Vintage Photography\" \/>\n<meta property=\"article:modified_time\" content=\"2021-04-21T10:53:32+00:00\" \/>\n<meta property=\"og:image\" content=\"https:\/\/alfreds-vintage-photography.com\/wp-content\/uploads\/IMG_20131009_0152.jpg\" \/>\n\t<meta property=\"og:image:width\" content=\"2048\" \/>\n\t<meta property=\"og:image:height\" content=\"2048\" \/>\n\t<meta property=\"og:image:type\" content=\"image\/jpeg\" \/>\n<meta name=\"twitter:card\" content=\"summary_large_image\" \/>\n<script type=\"application\/ld+json\" class=\"yoast-schema-graph\">{\"@context\":\"https:\/\/schema.org\",\"@graph\":[{\"@type\":\"WebPage\",\"@id\":\"https:\/\/alfreds-vintage-photography.com\/en\/produkt\/indiofrauen-mit-hut\/\",\"url\":\"https:\/\/alfreds-vintage-photography.com\/en\/produkt\/indiofrauen-mit-hut\/\",\"name\":\"Indiofrauen mit Hut - Alfreds Vintage Photography\",\"isPartOf\":{\"@id\":\"https:\/\/alfreds-vintage-photography.com\/en\/#website\"},\"primaryImageOfPage\":{\"@id\":\"https:\/\/alfreds-vintage-photography.com\/en\/produkt\/indiofrauen-mit-hut\/#primaryimage\"},\"image\":{\"@id\":\"https:\/\/alfreds-vintage-photography.com\/en\/produkt\/indiofrauen-mit-hut\/#primaryimage\"},\"thumbnailUrl\":\"https:\/\/alfreds-vintage-photography.com\/wp-content\/uploads\/IMG_20131009_0152.jpg\",\"datePublished\":\"2021-02-23T21:57:27+00:00\",\"dateModified\":\"2021-04-21T10:53:32+00:00\",\"breadcrumb\":{\"@id\":\"https:\/\/alfreds-vintage-photography.com\/en\/produkt\/indiofrauen-mit-hut\/#breadcrumb\"},\"inLanguage\":\"en-US\",\"potentialAction\":[{\"@type\":\"ReadAction\",\"target\":[\"https:\/\/alfreds-vintage-photography.com\/en\/produkt\/indiofrauen-mit-hut\/\"]}]},{\"@type\":\"ImageObject\",\"inLanguage\":\"en-US\",\"@id\":\"https:\/\/alfreds-vintage-photography.com\/en\/produkt\/indiofrauen-mit-hut\/#primaryimage\",\"url\":\"https:\/\/alfreds-vintage-photography.com\/wp-content\/uploads\/IMG_20131009_0152.jpg\",\"contentUrl\":\"https:\/\/alfreds-vintage-photography.com\/wp-content\/uploads\/IMG_20131009_0152.jpg\",\"width\":2048,\"height\":2048},{\"@type\":\"BreadcrumbList\",\"@id\":\"https:\/\/alfreds-vintage-photography.com\/en\/produkt\/indiofrauen-mit-hut\/#breadcrumb\",\"itemListElement\":[{\"@type\":\"ListItem\",\"position\":1,\"name\":\"Startseite\",\"item\":\"https:\/\/alfreds-vintage-photography.com\/en\/\"},{\"@type\":\"ListItem\",\"position\":2,\"name\":\"Alfreds Photography Shop\",\"item\":\"https:\/\/alfreds-vintage-photography.com\/en\/alfreds-photography-shop\/\"},{\"@type\":\"ListItem\",\"position\":3,\"name\":\"Indiofrauen mit Hut\"}]},{\"@type\":\"WebSite\",\"@id\":\"https:\/\/alfreds-vintage-photography.com\/en\/#website\",\"url\":\"https:\/\/alfreds-vintage-photography.com\/en\/\",\"name\":\"Alfreds Vintage Photography\",\"description\":\"Abz\u00fcge und original Vintage Fotografien\",\"potentialAction\":[{\"@type\":\"SearchAction\",\"target\":{\"@type\":\"EntryPoint\",\"urlTemplate\":\"https:\/\/alfreds-vintage-photography.com\/en\/?s={search_term_string}\"},\"query-input\":{\"@type\":\"PropertyValueSpecification\",\"valueRequired\":true,\"valueName\":\"search_term_string\"}}],\"inLanguage\":\"en-US\"}]}<\/script>\n<!-- \/ Yoast SEO plugin. -->","yoast_head_json":{"title":"Indiofrauen mit Hut - Alfreds Vintage Photography","robots":{"index":"index","follow":"follow","max-snippet":"max-snippet:-1","max-image-preview":"max-image-preview:large","max-video-preview":"max-video-preview:-1"},"canonical":"https:\/\/alfreds-vintage-photography.com\/en\/produkt\/indiofrauen-mit-hut\/","og_locale":"en_US","og_type":"article","og_title":"Indiofrauen mit Hut - Alfreds Vintage Photography","og_description":"\"Indiofrauen mit Hut\" als hochwertiger Schwarz-Wei\u00df-Abzug auf Barytpapier.","og_url":"https:\/\/alfreds-vintage-photography.com\/en\/produkt\/indiofrauen-mit-hut\/","og_site_name":"Alfreds Vintage Photography","article_modified_time":"2021-04-21T10:53:32+00:00","og_image":[{"width":2048,"height":2048,"url":"https:\/\/alfreds-vintage-photography.com\/wp-content\/uploads\/IMG_20131009_0152.jpg","type":"image\/jpeg"}],"twitter_card":"summary_large_image","schema":{"@context":"https:\/\/schema.org","@graph":[{"@type":"WebPage","@id":"https:\/\/alfreds-vintage-photography.com\/en\/produkt\/indiofrauen-mit-hut\/","url":"https:\/\/alfreds-vintage-photography.com\/en\/produkt\/indiofrauen-mit-hut\/","name":"Indiofrauen mit Hut - Alfreds Vintage Photography","isPartOf":{"@id":"https:\/\/alfreds-vintage-photography.com\/en\/#website"},"primaryImageOfPage":{"@id":"https:\/\/alfreds-vintage-photography.com\/en\/produkt\/indiofrauen-mit-hut\/#primaryimage"},"image":{"@id":"https:\/\/alfreds-vintage-photography.com\/en\/produkt\/indiofrauen-mit-hut\/#primaryimage"},"thumbnailUrl":"https:\/\/alfreds-vintage-photography.com\/wp-content\/uploads\/IMG_20131009_0152.jpg","datePublished":"2021-02-23T21:57:27+00:00","dateModified":"2021-04-21T10:53:32+00:00","breadcrumb":{"@id":"https:\/\/alfreds-vintage-photography.com\/en\/produkt\/indiofrauen-mit-hut\/#breadcrumb"},"inLanguage":"en-US","potentialAction":[{"@type":"ReadAction","target":["https:\/\/alfreds-vintage-photography.com\/en\/produkt\/indiofrauen-mit-hut\/"]}]},{"@type":"ImageObject","inLanguage":"en-US","@id":"https:\/\/alfreds-vintage-photography.com\/en\/produkt\/indiofrauen-mit-hut\/#primaryimage","url":"https:\/\/alfreds-vintage-photography.com\/wp-content\/uploads\/IMG_20131009_0152.jpg","contentUrl":"https:\/\/alfreds-vintage-photography.com\/wp-content\/uploads\/IMG_20131009_0152.jpg","width":2048,"height":2048},{"@type":"BreadcrumbList","@id":"https:\/\/alfreds-vintage-photography.com\/en\/produkt\/indiofrauen-mit-hut\/#breadcrumb","itemListElement":[{"@type":"ListItem","position":1,"name":"Startseite","item":"https:\/\/alfreds-vintage-photography.com\/en\/"},{"@type":"ListItem","position":2,"name":"Alfreds Photography Shop","item":"https:\/\/alfreds-vintage-photography.com\/en\/alfreds-photography-shop\/"},{"@type":"ListItem","position":3,"name":"Indiofrauen mit Hut"}]},{"@type":"WebSite","@id":"https:\/\/alfreds-vintage-photography.com\/en\/#website","url":"https:\/\/alfreds-vintage-photography.com\/en\/","name":"Alfreds Vintage Photography","description":"Abz\u00fcge und original Vintage Fotografien","potentialAction":[{"@type":"SearchAction","target":{"@type":"EntryPoint","urlTemplate":"https:\/\/alfreds-vintage-photography.com\/en\/?s={search_term_string}"},"query-input":{"@type":"PropertyValueSpecification","valueRequired":true,"valueName":"search_term_string"}}],"inLanguage":"en-US"}]}},"_links":{"self":[{"href":"https:\/\/alfreds-vintage-photography.com\/en\/wp-json\/wp\/v2\/product\/2502"}],"collection":[{"href":"https:\/\/alfreds-vintage-photography.com\/en\/wp-json\/wp\/v2\/product"}],"about":[{"href":"https:\/\/alfreds-vintage-photography.com\/en\/wp-json\/wp\/v2\/types\/product"}],"wp:featuredmedia":[{"embeddable":true,"href":"https:\/\/alfreds-vintage-photography.com\/en\/wp-json\/wp\/v2\/media\/1935"}],"wp:attachment":[{"href":"https:\/\/alfreds-vintage-photography.com\/en\/wp-json\/wp\/v2\/media?parent=2502"}],"wp:term":[{"taxonomy":"product_cat","embeddable":true,"href":"https:\/\/alfreds-vintage-photography.com\/en\/wp-json\/wp\/v2\/product_cat?post=2502"},{"taxonomy":"product_tag","embeddable":true,"href":"https:\/\/alfreds-vintage-photography.com\/en\/wp-json\/wp\/v2\/product_tag?post=2502"}],"curies":[{"name":"wp","href":"https:\/\/api.w.org\/{rel}","templated":true}]}}