{"id":216,"date":"2020-11-24T18:52:26","date_gmt":"2020-11-24T17:52:26","guid":{"rendered":"https:\/\/alfreds-vintage-photography.com\/?post_type=product&#038;p=216"},"modified":"2021-04-21T12:58:17","modified_gmt":"2021-04-21T10:58:17","slug":"nackt-hinter-weissen-blueten","status":"publish","type":"product","link":"https:\/\/alfreds-vintage-photography.com\/en\/produkt\/nackt-hinter-weissen-blueten\/","title":{"rendered":"Nackt hinter wei\u00dfen Bl\u00fcten"},"content":{"rendered":"<div class=\"wpb-content-wrapper\"><p>[vc_row][vc_column][vc_custom_heading]Nackt hinter wei\u00dfen Bl\u00fcten[\/vc_custom_heading][vc_column_text]Yelincic experimentierte im privaten Umfeld gern mit Portrait- und Aktfotographie. Bei diesem Modell, das hier hinter wei\u00dfen Bl\u00fcten posiert, d\u00fcrfte es sich um eine Freundin handeln, die den Fotografen in La Paz besucht hat. Von ihr hat er in seiner Wohnung eine ganze Reihe privater Aufnahmen gemacht. M\u00f6glicherweise stammt die gutaussehende Mittzwanzigerin aus Wien und hat bei ihrer R\u00fcckreise die Negativfilme mitgebracht.<\/p>\n<p><i>Wir w\u00fcrden uns freuen, mehr \u00fcber die Personen auf den Fotos und das abgebildete Geschehen in Erfahrung zu bringen. Wer mehr dar\u00fcber wei\u00df \u2013 bitte melden!<\/i>[\/vc_column_text][\/vc_column][\/vc_row]<\/p>\n<\/div>","protected":false},"excerpt":{"rendered":"<p>&#8220;Nackt hinter wei\u00dfen Bl\u00fcten&#8221;<i>, Format: 20 x 20 cm, hochwertiger Schwarz-Wei\u00df-Abzug auf Barytpapier<\/i><\/p>\n","protected":false},"featured_media":217,"template":"","meta":[],"product_cat":[52],"product_tag":[80],"class_list":{"0":"post-216","1":"product","2":"type-product","3":"status-publish","4":"has-post-thumbnail","6":"product_cat-eros","7":"product_tag-model","9":"first","10":"instock","11":"taxable","12":"shipping-taxable","13":"purchasable","14":"product-type-variable","15":"add-to-wishlist-after_add_to_cart"},"yoast_head":"<!-- This site is optimized with the Yoast SEO plugin v23.7 - https:\/\/yoast.com\/wordpress\/plugins\/seo\/ -->\n<title>Nackt hinter wei\u00dfen Bl\u00fcten - Alfreds Vintage Photography<\/title>\n<meta name=\"robots\" content=\"index, follow, max-snippet:-1, max-image-preview:large, max-video-preview:-1\" \/>\n<link rel=\"canonical\" href=\"https:\/\/alfreds-vintage-photography.com\/en\/produkt\/nackt-hinter-weissen-blueten\/\" \/>\n<meta property=\"og:locale\" content=\"en_US\" \/>\n<meta property=\"og:type\" content=\"article\" \/>\n<meta property=\"og:title\" content=\"Nackt hinter wei\u00dfen Bl\u00fcten - Alfreds Vintage Photography\" \/>\n<meta property=\"og:description\" content=\"&quot;Nackt hinter wei\u00dfen Bl\u00fcten&quot;, Format: 20 x 20 cm, hochwertiger Schwarz-Wei\u00df-Abzug auf Barytpapier\" \/>\n<meta property=\"og:url\" content=\"https:\/\/alfreds-vintage-photography.com\/en\/produkt\/nackt-hinter-weissen-blueten\/\" \/>\n<meta property=\"og:site_name\" content=\"Alfreds Vintage Photography\" \/>\n<meta property=\"article:modified_time\" content=\"2021-04-21T10:58:17+00:00\" \/>\n<meta property=\"og:image\" content=\"https:\/\/alfreds-vintage-photography.com\/wp-content\/uploads\/IMG_20131008_0010-scaled.jpg\" \/>\n\t<meta property=\"og:image:width\" content=\"1980\" \/>\n\t<meta property=\"og:image:height\" content=\"2048\" \/>\n\t<meta property=\"og:image:type\" content=\"image\/jpeg\" \/>\n<meta name=\"twitter:card\" content=\"summary_large_image\" \/>\n<meta name=\"twitter:label1\" content=\"Est. reading time\" \/>\n\t<meta name=\"twitter:data1\" content=\"1 minute\" \/>\n<script type=\"application\/ld+json\" class=\"yoast-schema-graph\">{\"@context\":\"https:\/\/schema.org\",\"@graph\":[{\"@type\":\"WebPage\",\"@id\":\"https:\/\/alfreds-vintage-photography.com\/en\/produkt\/nackt-hinter-weissen-blueten\/\",\"url\":\"https:\/\/alfreds-vintage-photography.com\/en\/produkt\/nackt-hinter-weissen-blueten\/\",\"name\":\"Nackt hinter wei\u00dfen Bl\u00fcten - Alfreds Vintage Photography\",\"isPartOf\":{\"@id\":\"https:\/\/alfreds-vintage-photography.com\/en\/#website\"},\"primaryImageOfPage\":{\"@id\":\"https:\/\/alfreds-vintage-photography.com\/en\/produkt\/nackt-hinter-weissen-blueten\/#primaryimage\"},\"image\":{\"@id\":\"https:\/\/alfreds-vintage-photography.com\/en\/produkt\/nackt-hinter-weissen-blueten\/#primaryimage\"},\"thumbnailUrl\":\"https:\/\/alfreds-vintage-photography.com\/wp-content\/uploads\/IMG_20131008_0010-scaled.jpg\",\"datePublished\":\"2020-11-24T17:52:26+00:00\",\"dateModified\":\"2021-04-21T10:58:17+00:00\",\"breadcrumb\":{\"@id\":\"https:\/\/alfreds-vintage-photography.com\/en\/produkt\/nackt-hinter-weissen-blueten\/#breadcrumb\"},\"inLanguage\":\"en-US\",\"potentialAction\":[{\"@type\":\"ReadAction\",\"target\":[\"https:\/\/alfreds-vintage-photography.com\/en\/produkt\/nackt-hinter-weissen-blueten\/\"]}]},{\"@type\":\"ImageObject\",\"inLanguage\":\"en-US\",\"@id\":\"https:\/\/alfreds-vintage-photography.com\/en\/produkt\/nackt-hinter-weissen-blueten\/#primaryimage\",\"url\":\"https:\/\/alfreds-vintage-photography.com\/wp-content\/uploads\/IMG_20131008_0010-scaled.jpg\",\"contentUrl\":\"https:\/\/alfreds-vintage-photography.com\/wp-content\/uploads\/IMG_20131008_0010-scaled.jpg\",\"width\":1980,\"height\":2048},{\"@type\":\"BreadcrumbList\",\"@id\":\"https:\/\/alfreds-vintage-photography.com\/en\/produkt\/nackt-hinter-weissen-blueten\/#breadcrumb\",\"itemListElement\":[{\"@type\":\"ListItem\",\"position\":1,\"name\":\"Startseite\",\"item\":\"https:\/\/alfreds-vintage-photography.com\/en\/\"},{\"@type\":\"ListItem\",\"position\":2,\"name\":\"Alfreds Photography Shop\",\"item\":\"https:\/\/alfreds-vintage-photography.com\/en\/alfreds-photography-shop\/\"},{\"@type\":\"ListItem\",\"position\":3,\"name\":\"Nackt hinter wei\u00dfen Bl\u00fcten\"}]},{\"@type\":\"WebSite\",\"@id\":\"https:\/\/alfreds-vintage-photography.com\/en\/#website\",\"url\":\"https:\/\/alfreds-vintage-photography.com\/en\/\",\"name\":\"Alfreds Vintage Photography\",\"description\":\"Abz\u00fcge und original Vintage Fotografien\",\"potentialAction\":[{\"@type\":\"SearchAction\",\"target\":{\"@type\":\"EntryPoint\",\"urlTemplate\":\"https:\/\/alfreds-vintage-photography.com\/en\/?s={search_term_string}\"},\"query-input\":{\"@type\":\"PropertyValueSpecification\",\"valueRequired\":true,\"valueName\":\"search_term_string\"}}],\"inLanguage\":\"en-US\"}]}<\/script>\n<!-- \/ Yoast SEO plugin. -->","yoast_head_json":{"title":"Nackt hinter wei\u00dfen Bl\u00fcten - Alfreds Vintage Photography","robots":{"index":"index","follow":"follow","max-snippet":"max-snippet:-1","max-image-preview":"max-image-preview:large","max-video-preview":"max-video-preview:-1"},"canonical":"https:\/\/alfreds-vintage-photography.com\/en\/produkt\/nackt-hinter-weissen-blueten\/","og_locale":"en_US","og_type":"article","og_title":"Nackt hinter wei\u00dfen Bl\u00fcten - Alfreds Vintage Photography","og_description":"\"Nackt hinter wei\u00dfen Bl\u00fcten\", Format: 20 x 20 cm, hochwertiger Schwarz-Wei\u00df-Abzug auf Barytpapier","og_url":"https:\/\/alfreds-vintage-photography.com\/en\/produkt\/nackt-hinter-weissen-blueten\/","og_site_name":"Alfreds Vintage Photography","article_modified_time":"2021-04-21T10:58:17+00:00","og_image":[{"width":1980,"height":2048,"url":"https:\/\/alfreds-vintage-photography.com\/wp-content\/uploads\/IMG_20131008_0010-scaled.jpg","type":"image\/jpeg"}],"twitter_card":"summary_large_image","twitter_misc":{"Est. reading time":"1 minute"},"schema":{"@context":"https:\/\/schema.org","@graph":[{"@type":"WebPage","@id":"https:\/\/alfreds-vintage-photography.com\/en\/produkt\/nackt-hinter-weissen-blueten\/","url":"https:\/\/alfreds-vintage-photography.com\/en\/produkt\/nackt-hinter-weissen-blueten\/","name":"Nackt hinter wei\u00dfen Bl\u00fcten - Alfreds Vintage Photography","isPartOf":{"@id":"https:\/\/alfreds-vintage-photography.com\/en\/#website"},"primaryImageOfPage":{"@id":"https:\/\/alfreds-vintage-photography.com\/en\/produkt\/nackt-hinter-weissen-blueten\/#primaryimage"},"image":{"@id":"https:\/\/alfreds-vintage-photography.com\/en\/produkt\/nackt-hinter-weissen-blueten\/#primaryimage"},"thumbnailUrl":"https:\/\/alfreds-vintage-photography.com\/wp-content\/uploads\/IMG_20131008_0010-scaled.jpg","datePublished":"2020-11-24T17:52:26+00:00","dateModified":"2021-04-21T10:58:17+00:00","breadcrumb":{"@id":"https:\/\/alfreds-vintage-photography.com\/en\/produkt\/nackt-hinter-weissen-blueten\/#breadcrumb"},"inLanguage":"en-US","potentialAction":[{"@type":"ReadAction","target":["https:\/\/alfreds-vintage-photography.com\/en\/produkt\/nackt-hinter-weissen-blueten\/"]}]},{"@type":"ImageObject","inLanguage":"en-US","@id":"https:\/\/alfreds-vintage-photography.com\/en\/produkt\/nackt-hinter-weissen-blueten\/#primaryimage","url":"https:\/\/alfreds-vintage-photography.com\/wp-content\/uploads\/IMG_20131008_0010-scaled.jpg","contentUrl":"https:\/\/alfreds-vintage-photography.com\/wp-content\/uploads\/IMG_20131008_0010-scaled.jpg","width":1980,"height":2048},{"@type":"BreadcrumbList","@id":"https:\/\/alfreds-vintage-photography.com\/en\/produkt\/nackt-hinter-weissen-blueten\/#breadcrumb","itemListElement":[{"@type":"ListItem","position":1,"name":"Startseite","item":"https:\/\/alfreds-vintage-photography.com\/en\/"},{"@type":"ListItem","position":2,"name":"Alfreds Photography Shop","item":"https:\/\/alfreds-vintage-photography.com\/en\/alfreds-photography-shop\/"},{"@type":"ListItem","position":3,"name":"Nackt hinter wei\u00dfen Bl\u00fcten"}]},{"@type":"WebSite","@id":"https:\/\/alfreds-vintage-photography.com\/en\/#website","url":"https:\/\/alfreds-vintage-photography.com\/en\/","name":"Alfreds Vintage Photography","description":"Abz\u00fcge und original Vintage Fotografien","potentialAction":[{"@type":"SearchAction","target":{"@type":"EntryPoint","urlTemplate":"https:\/\/alfreds-vintage-photography.com\/en\/?s={search_term_string}"},"query-input":{"@type":"PropertyValueSpecification","valueRequired":true,"valueName":"search_term_string"}}],"inLanguage":"en-US"}]}},"_links":{"self":[{"href":"https:\/\/alfreds-vintage-photography.com\/en\/wp-json\/wp\/v2\/product\/216"}],"collection":[{"href":"https:\/\/alfreds-vintage-photography.com\/en\/wp-json\/wp\/v2\/product"}],"about":[{"href":"https:\/\/alfreds-vintage-photography.com\/en\/wp-json\/wp\/v2\/types\/product"}],"wp:featuredmedia":[{"embeddable":true,"href":"https:\/\/alfreds-vintage-photography.com\/en\/wp-json\/wp\/v2\/media\/217"}],"wp:attachment":[{"href":"https:\/\/alfreds-vintage-photography.com\/en\/wp-json\/wp\/v2\/media?parent=216"}],"wp:term":[{"taxonomy":"product_cat","embeddable":true,"href":"https:\/\/alfreds-vintage-photography.com\/en\/wp-json\/wp\/v2\/product_cat?post=216"},{"taxonomy":"product_tag","embeddable":true,"href":"https:\/\/alfreds-vintage-photography.com\/en\/wp-json\/wp\/v2\/product_tag?post=216"}],"curies":[{"name":"wp","href":"https:\/\/api.w.org\/{rel}","templated":true}]}}