{"id":207,"date":"2020-11-24T18:25:57","date_gmt":"2020-11-24T17:25:57","guid":{"rendered":"https:\/\/alfreds-vintage-photography.com\/?post_type=product&#038;p=207"},"modified":"2021-04-21T12:58:09","modified_gmt":"2021-04-21T10:58:09","slug":"vera-miles-und-filmpartner-im-kino","status":"publish","type":"product","link":"https:\/\/alfreds-vintage-photography.com\/en\/produkt\/vera-miles-und-filmpartner-im-kino\/","title":{"rendered":"Vera Miles und Kollege im Kino"},"content":{"rendered":"<div class=\"wpb-content-wrapper\"><p>[vc_row][vc_column][vc_custom_heading]Vera Miles und Filmpartner im Kino[\/vc_custom_heading][vc_column_text]Die Aufnahme zeigt die Schauspielerin Vera Miles und einen (noch nicht identifizierten Schauspielerkollegen) anl\u00e4\u00dflich einer Filmpremiere in La Paz. Vera Miles war die Lieblingsschauspielerin von Alfred Hitchcock, unter anderem spielte sie in seinem Thriller PSYCHO. Hier wurde wahrscheinlich der Streifen DER SCHWARZE FALKE\u00a0<i>(The Searchers) aus dem Jahr 1956 gezeigt.<\/i><\/p>\n<p><i>Wir w\u00fcrden uns freuen, mehr \u00fcber die Personen auf den Fotos und das abgebildete Geschehen in Erfahrung zu bringen. Wer etwas dar\u00fcber wei\u00df \u2013 bitte melden!<\/i>[\/vc_column_text][\/vc_column][\/vc_row]<\/p>\n<\/div>","protected":false},"excerpt":{"rendered":"<p>&#8220;Vera Miles und Filmpartner im Kino&#8221;, als Schwarz-Wei\u00df-Abzug auf Barytpapier.<\/p>\n<p>Vera Miles und ein Schauspielerkollege anl\u00e4\u00dflich einer Filmpremiere in La Paz. Hier wurde wahrscheinlich der Streifen DER SCHWARZE FALKE\u00a0<i>(The Searchers) aus dem Jahr 1956 gezeigt.<\/i><\/p>\n","protected":false},"featured_media":208,"template":"","meta":[],"product_cat":[32,36],"product_tag":[142],"class_list":{"0":"post-207","1":"product","2":"type-product","3":"status-publish","4":"has-post-thumbnail","6":"product_cat-hollywood","7":"product_cat-glamour","8":"product_tag-vera-miles","10":"first","11":"instock","12":"sold-individually","13":"taxable","14":"shipping-taxable","15":"purchasable","16":"product-type-variable","17":"add-to-wishlist-after_add_to_cart"},"yoast_head":"<!-- This site is optimized with the Yoast SEO plugin v23.7 - https:\/\/yoast.com\/wordpress\/plugins\/seo\/ -->\n<title>Vera Miles und Kollege im Kino - Alfreds Vintage Photography<\/title>\n<meta name=\"robots\" content=\"index, follow, max-snippet:-1, max-image-preview:large, max-video-preview:-1\" \/>\n<link rel=\"canonical\" href=\"https:\/\/alfreds-vintage-photography.com\/en\/produkt\/vera-miles-und-filmpartner-im-kino\/\" \/>\n<meta property=\"og:locale\" content=\"en_US\" \/>\n<meta property=\"og:type\" content=\"article\" \/>\n<meta property=\"og:title\" content=\"Vera Miles und Kollege im Kino - Alfreds Vintage Photography\" \/>\n<meta property=\"og:description\" content=\"&quot;Vera Miles und Filmpartner im Kino&quot;, als Schwarz-Wei\u00df-Abzug auf Barytpapier.  Vera Miles und ein Schauspielerkollege anl\u00e4\u00dflich einer Filmpremiere in La Paz. Hier wurde wahrscheinlich der Streifen DER SCHWARZE FALKE\u00a0(The Searchers) aus dem Jahr 1956 gezeigt.\" \/>\n<meta property=\"og:url\" content=\"https:\/\/alfreds-vintage-photography.com\/en\/produkt\/vera-miles-und-filmpartner-im-kino\/\" \/>\n<meta property=\"og:site_name\" content=\"Alfreds Vintage Photography\" \/>\n<meta property=\"article:modified_time\" content=\"2021-04-21T10:58:09+00:00\" \/>\n<meta property=\"og:image\" content=\"https:\/\/alfreds-vintage-photography.com\/wp-content\/uploads\/IMG_20131007_0038-scaled.jpg\" \/>\n\t<meta property=\"og:image:width\" content=\"2036\" \/>\n\t<meta property=\"og:image:height\" content=\"2048\" \/>\n\t<meta property=\"og:image:type\" content=\"image\/jpeg\" \/>\n<meta name=\"twitter:card\" content=\"summary_large_image\" \/>\n<meta name=\"twitter:label1\" content=\"Est. reading time\" \/>\n\t<meta name=\"twitter:data1\" content=\"1 minute\" \/>\n<script type=\"application\/ld+json\" class=\"yoast-schema-graph\">{\"@context\":\"https:\/\/schema.org\",\"@graph\":[{\"@type\":\"WebPage\",\"@id\":\"https:\/\/alfreds-vintage-photography.com\/en\/produkt\/vera-miles-und-filmpartner-im-kino\/\",\"url\":\"https:\/\/alfreds-vintage-photography.com\/en\/produkt\/vera-miles-und-filmpartner-im-kino\/\",\"name\":\"Vera Miles und Kollege im Kino - Alfreds Vintage Photography\",\"isPartOf\":{\"@id\":\"https:\/\/alfreds-vintage-photography.com\/en\/#website\"},\"primaryImageOfPage\":{\"@id\":\"https:\/\/alfreds-vintage-photography.com\/en\/produkt\/vera-miles-und-filmpartner-im-kino\/#primaryimage\"},\"image\":{\"@id\":\"https:\/\/alfreds-vintage-photography.com\/en\/produkt\/vera-miles-und-filmpartner-im-kino\/#primaryimage\"},\"thumbnailUrl\":\"https:\/\/alfreds-vintage-photography.com\/wp-content\/uploads\/IMG_20131007_0038-scaled.jpg\",\"datePublished\":\"2020-11-24T17:25:57+00:00\",\"dateModified\":\"2021-04-21T10:58:09+00:00\",\"breadcrumb\":{\"@id\":\"https:\/\/alfreds-vintage-photography.com\/en\/produkt\/vera-miles-und-filmpartner-im-kino\/#breadcrumb\"},\"inLanguage\":\"en-US\",\"potentialAction\":[{\"@type\":\"ReadAction\",\"target\":[\"https:\/\/alfreds-vintage-photography.com\/en\/produkt\/vera-miles-und-filmpartner-im-kino\/\"]}]},{\"@type\":\"ImageObject\",\"inLanguage\":\"en-US\",\"@id\":\"https:\/\/alfreds-vintage-photography.com\/en\/produkt\/vera-miles-und-filmpartner-im-kino\/#primaryimage\",\"url\":\"https:\/\/alfreds-vintage-photography.com\/wp-content\/uploads\/IMG_20131007_0038-scaled.jpg\",\"contentUrl\":\"https:\/\/alfreds-vintage-photography.com\/wp-content\/uploads\/IMG_20131007_0038-scaled.jpg\",\"width\":2036,\"height\":2048},{\"@type\":\"BreadcrumbList\",\"@id\":\"https:\/\/alfreds-vintage-photography.com\/en\/produkt\/vera-miles-und-filmpartner-im-kino\/#breadcrumb\",\"itemListElement\":[{\"@type\":\"ListItem\",\"position\":1,\"name\":\"Startseite\",\"item\":\"https:\/\/alfreds-vintage-photography.com\/en\/\"},{\"@type\":\"ListItem\",\"position\":2,\"name\":\"Alfreds Photography Shop\",\"item\":\"https:\/\/alfreds-vintage-photography.com\/en\/alfreds-photography-shop\/\"},{\"@type\":\"ListItem\",\"position\":3,\"name\":\"Vera Miles und Kollege im Kino\"}]},{\"@type\":\"WebSite\",\"@id\":\"https:\/\/alfreds-vintage-photography.com\/en\/#website\",\"url\":\"https:\/\/alfreds-vintage-photography.com\/en\/\",\"name\":\"Alfreds Vintage Photography\",\"description\":\"Abz\u00fcge und original Vintage Fotografien\",\"potentialAction\":[{\"@type\":\"SearchAction\",\"target\":{\"@type\":\"EntryPoint\",\"urlTemplate\":\"https:\/\/alfreds-vintage-photography.com\/en\/?s={search_term_string}\"},\"query-input\":{\"@type\":\"PropertyValueSpecification\",\"valueRequired\":true,\"valueName\":\"search_term_string\"}}],\"inLanguage\":\"en-US\"}]}<\/script>\n<!-- \/ Yoast SEO plugin. -->","yoast_head_json":{"title":"Vera Miles und Kollege im Kino - Alfreds Vintage Photography","robots":{"index":"index","follow":"follow","max-snippet":"max-snippet:-1","max-image-preview":"max-image-preview:large","max-video-preview":"max-video-preview:-1"},"canonical":"https:\/\/alfreds-vintage-photography.com\/en\/produkt\/vera-miles-und-filmpartner-im-kino\/","og_locale":"en_US","og_type":"article","og_title":"Vera Miles und Kollege im Kino - Alfreds Vintage Photography","og_description":"\"Vera Miles und Filmpartner im Kino\", als Schwarz-Wei\u00df-Abzug auf Barytpapier.  Vera Miles und ein Schauspielerkollege anl\u00e4\u00dflich einer Filmpremiere in La Paz. Hier wurde wahrscheinlich der Streifen DER SCHWARZE FALKE\u00a0(The Searchers) aus dem Jahr 1956 gezeigt.","og_url":"https:\/\/alfreds-vintage-photography.com\/en\/produkt\/vera-miles-und-filmpartner-im-kino\/","og_site_name":"Alfreds Vintage Photography","article_modified_time":"2021-04-21T10:58:09+00:00","og_image":[{"width":2036,"height":2048,"url":"https:\/\/alfreds-vintage-photography.com\/wp-content\/uploads\/IMG_20131007_0038-scaled.jpg","type":"image\/jpeg"}],"twitter_card":"summary_large_image","twitter_misc":{"Est. reading time":"1 minute"},"schema":{"@context":"https:\/\/schema.org","@graph":[{"@type":"WebPage","@id":"https:\/\/alfreds-vintage-photography.com\/en\/produkt\/vera-miles-und-filmpartner-im-kino\/","url":"https:\/\/alfreds-vintage-photography.com\/en\/produkt\/vera-miles-und-filmpartner-im-kino\/","name":"Vera Miles und Kollege im Kino - Alfreds Vintage Photography","isPartOf":{"@id":"https:\/\/alfreds-vintage-photography.com\/en\/#website"},"primaryImageOfPage":{"@id":"https:\/\/alfreds-vintage-photography.com\/en\/produkt\/vera-miles-und-filmpartner-im-kino\/#primaryimage"},"image":{"@id":"https:\/\/alfreds-vintage-photography.com\/en\/produkt\/vera-miles-und-filmpartner-im-kino\/#primaryimage"},"thumbnailUrl":"https:\/\/alfreds-vintage-photography.com\/wp-content\/uploads\/IMG_20131007_0038-scaled.jpg","datePublished":"2020-11-24T17:25:57+00:00","dateModified":"2021-04-21T10:58:09+00:00","breadcrumb":{"@id":"https:\/\/alfreds-vintage-photography.com\/en\/produkt\/vera-miles-und-filmpartner-im-kino\/#breadcrumb"},"inLanguage":"en-US","potentialAction":[{"@type":"ReadAction","target":["https:\/\/alfreds-vintage-photography.com\/en\/produkt\/vera-miles-und-filmpartner-im-kino\/"]}]},{"@type":"ImageObject","inLanguage":"en-US","@id":"https:\/\/alfreds-vintage-photography.com\/en\/produkt\/vera-miles-und-filmpartner-im-kino\/#primaryimage","url":"https:\/\/alfreds-vintage-photography.com\/wp-content\/uploads\/IMG_20131007_0038-scaled.jpg","contentUrl":"https:\/\/alfreds-vintage-photography.com\/wp-content\/uploads\/IMG_20131007_0038-scaled.jpg","width":2036,"height":2048},{"@type":"BreadcrumbList","@id":"https:\/\/alfreds-vintage-photography.com\/en\/produkt\/vera-miles-und-filmpartner-im-kino\/#breadcrumb","itemListElement":[{"@type":"ListItem","position":1,"name":"Startseite","item":"https:\/\/alfreds-vintage-photography.com\/en\/"},{"@type":"ListItem","position":2,"name":"Alfreds Photography Shop","item":"https:\/\/alfreds-vintage-photography.com\/en\/alfreds-photography-shop\/"},{"@type":"ListItem","position":3,"name":"Vera Miles und Kollege im Kino"}]},{"@type":"WebSite","@id":"https:\/\/alfreds-vintage-photography.com\/en\/#website","url":"https:\/\/alfreds-vintage-photography.com\/en\/","name":"Alfreds Vintage Photography","description":"Abz\u00fcge und original Vintage Fotografien","potentialAction":[{"@type":"SearchAction","target":{"@type":"EntryPoint","urlTemplate":"https:\/\/alfreds-vintage-photography.com\/en\/?s={search_term_string}"},"query-input":{"@type":"PropertyValueSpecification","valueRequired":true,"valueName":"search_term_string"}}],"inLanguage":"en-US"}]}},"_links":{"self":[{"href":"https:\/\/alfreds-vintage-photography.com\/en\/wp-json\/wp\/v2\/product\/207"}],"collection":[{"href":"https:\/\/alfreds-vintage-photography.com\/en\/wp-json\/wp\/v2\/product"}],"about":[{"href":"https:\/\/alfreds-vintage-photography.com\/en\/wp-json\/wp\/v2\/types\/product"}],"wp:featuredmedia":[{"embeddable":true,"href":"https:\/\/alfreds-vintage-photography.com\/en\/wp-json\/wp\/v2\/media\/208"}],"wp:attachment":[{"href":"https:\/\/alfreds-vintage-photography.com\/en\/wp-json\/wp\/v2\/media?parent=207"}],"wp:term":[{"taxonomy":"product_cat","embeddable":true,"href":"https:\/\/alfreds-vintage-photography.com\/en\/wp-json\/wp\/v2\/product_cat?post=207"},{"taxonomy":"product_tag","embeddable":true,"href":"https:\/\/alfreds-vintage-photography.com\/en\/wp-json\/wp\/v2\/product_tag?post=207"}],"curies":[{"name":"wp","href":"https:\/\/api.w.org\/{rel}","templated":true}]}}