{"id":1453,"date":"2021-02-19T10:14:30","date_gmt":"2021-02-19T09:14:30","guid":{"rendered":"https:\/\/alfreds-vintage-photography.com\/handabzuege-auf-barytpapier-statt-drucke\/"},"modified":"2021-05-18T09:32:37","modified_gmt":"2021-05-18T07:32:37","slug":"handabzuege-auf-barytpapier-statt-drucke","status":"publish","type":"page","link":"https:\/\/alfreds-vintage-photography.com\/en\/handabzuege-auf-barytpapier-statt-drucke\/","title":{"rendered":"Belichten statt Drucken"},"content":{"rendered":"<div class=\"wpb-content-wrapper\"><p>[vc_row row_height_percent=&#8221;0&#8243; override_padding=&#8221;yes&#8221; h_padding=&#8221;2&#8243; top_padding=&#8221;5&#8243; bottom_padding=&#8221;2&#8243; overlay_alpha=&#8221;50&#8243; gutter_size=&#8221;3&#8243; column_width_percent=&#8221;100&#8243; shift_y=&#8221;0&#8243; z_index=&#8221;0&#8243; bottom_divider=&#8221;step_3_4&#8243;][vc_column column_width_use_pixel=&#8221;yes&#8221; gutter_size=&#8221;2&#8243; overlay_alpha=&#8221;50&#8243; shift_x=&#8221;0&#8243; shift_y=&#8221;0&#8243; shift_y_down=&#8221;0&#8243; z_index=&#8221;0&#8243; medium_width=&#8221;0&#8243; mobile_width=&#8221;0&#8243; width=&#8221;1\/1&#8243; column_width_pixel=&#8221;900&#8243;][vc_row_inner row_inner_height_percent=&#8221;0&#8243; overlay_alpha=&#8221;50&#8243; gutter_size=&#8221;4&#8243; shift_y=&#8221;0&#8243; z_index=&#8221;0&#8243;][vc_column_inner column_width_percent=&#8221;100&#8243; gutter_size=&#8221;3&#8243; overlay_alpha=&#8221;50&#8243; shift_x=&#8221;0&#8243; shift_y=&#8221;0&#8243; shift_y_down=&#8221;0&#8243; z_index=&#8221;0&#8243; medium_width=&#8221;4&#8243; mobile_width=&#8221;0&#8243; width=&#8221;6\/12&#8243;][vc_column_text]<\/p>\n<h2>Vintage-Originalfotos oder Neue Abz\u00fcge<\/h2>\n<p>In unserem Sortiment befinden sich Vintage-Originalfotos. Wenn wir aber \u00fcber\u00a0interessante Negativfilme &#8211; inklusive der Copyrights &#8211; verf\u00fcgen (Bolivien-Projekt) bieten wir an, sogenannte Neue Abz\u00fcge anfertigen zu lassen.<\/p>\n<h3><\/h3>\n<h3>1. Vintage-Originale<\/h3>\n<p>Entsprechend der Begriffsverwendung &#8220;Vintage&#8221; beginnt man Fotos ab der Zwischenkriegszeit als Vintagefotos zu bezeichnen. Das sind Originalfotos, also Abz\u00fcge im vorgefundenen Format und Zustand. Oft tragen Abz\u00fcge professioneller Fotoateliers einen Atelierstempel oder sind handsigniert. Erst mit der Verbreitung der Fotografie durch Privatpersonen werden namenlose und maschinell hergestellte Abz\u00fcge h\u00e4ufiger. Diese Entwicklung f\u00e4llt ebenfalls in die Zwischenkriegszeit, weil ab da Fotokameras f\u00fcr weitere Personenkreise erschwinglich wurden.[\/vc_column_text][\/vc_column_inner][vc_column_inner column_width_percent=&#8221;100&#8243; gutter_size=&#8221;3&#8243; back_color=&#8221;color-xsdn&#8221; overlay_alpha=&#8221;50&#8243; shift_x=&#8221;0&#8243; shift_y=&#8221;0&#8243; shift_y_down=&#8221;0&#8243; z_index=&#8221;0&#8243; medium_width=&#8221;2&#8243; mobile_width=&#8221;0&#8243; width=&#8221;6\/12&#8243;][vc_single_image media=&#8221;260&#8243; media_width_percent=&#8221;100&#8243;][\/vc_column_inner][\/vc_row_inner][\/vc_column][\/vc_row][vc_row row_height_percent=&#8221;0&#8243; overlay_alpha=&#8221;50&#8243; gutter_size=&#8221;3&#8243; column_width_percent=&#8221;100&#8243; shift_y=&#8221;0&#8243; z_index=&#8221;0&#8243; bottom_divider=&#8221;step_3_4&#8243; row_name=&#8221;lieferzeiten&#8221;][vc_column column_width_use_pixel=&#8221;yes&#8221; gutter_size=&#8221;2&#8243; overlay_alpha=&#8221;50&#8243; shift_x=&#8221;0&#8243; shift_y=&#8221;0&#8243; shift_y_down=&#8221;0&#8243; z_index=&#8221;0&#8243; medium_width=&#8221;0&#8243; mobile_width=&#8221;0&#8243; width=&#8221;1\/1&#8243; column_width_pixel=&#8221;900&#8243;][vc_column_text]<\/p>\n<h3>2. Neue Abz\u00fcge \u2013 Hochwertige Handabz\u00fcge auf Barytpapier<\/h3>\n<p>Bei den Neuen Abz\u00fcgen fertigen wir ausschlie\u00dflich Silbergelatine-Abz\u00fcge. Damit sind analoge Handabz\u00fcge vom Original-Negativ auf Baryt-Papier gemeint. Eine Schicht von Bariumsulfat bildet bei diesem hochwertigen Fotopapier die Grundlage. Das Bild entsteht dann durch Belichtung einer dar\u00fcberliegenden Schicht von Silberbromid und unter Einsatz von Entwicklerchemie. Jeder Silbergelatine-Abzug ist traditionelle Handarbeit und damit ein Unikat mit h\u00f6chster Archivfestigkeit!<\/p>\n<p>Es werden ausschlie\u00dflich offene Editionen angeboten. Das Foto wird verso nummeriert, datiert und mit Stempel versehen.<\/p>\n<h4>Standardgr\u00f6\u00dfen oder Wunschformate<\/h4>\n<p>Die Standardgr\u00f6\u00dfen f\u00fcr Neue Abz\u00fcge in unserem Online-Shop bei vorliegenden Mittelformatnegativen sind 20 x 20 cm und 80 x 80 cm. Sonderformate sind auf Anfrage m\u00f6glich. Schreiben Sie einfach eine Email mit Ihren Wunschma\u00dfen an <a href=\"mailto:alfred@lfreds-vintage-photography.com\">alfred@lfreds-vintage-photography.com<\/a>\u00a0 und wir senden Ihnen umgehend ein Angebot.[\/vc_column_text][\/vc_column][\/vc_row][vc_row][vc_column width=&#8221;1\/1&#8243;][uncode_block id=&#8221;146&#8243;][\/vc_column][\/vc_row]<\/p>\n<\/div>","protected":false},"excerpt":{"rendered":"<p>Wir fertigen ausschlie\u00dflich Silbergelatine-Abz\u00fcge. Damit sind analoge Handabz\u00fcge vom Original-Negativ auf Baryt-Papier gemeint. Eine Schicht von Bariumsulfat bildet bei diesem hochwertigen Fotopapier die Grundlage. Das Bild entsteht dann durch Belichtung einer dar\u00fcberliegenden Schicht von Silberbromid und unter Einsatz von Entwicklerchemie. Jeder Silbergelatine-Abzug ist traditionelle Handarbeit und damit ein Unikat mit h\u00f6chster Archivfestigkeit! <\/p>\n","protected":false},"author":1,"featured_media":0,"parent":0,"menu_order":0,"comment_status":"closed","ping_status":"closed","template":"","meta":{"footnotes":""},"class_list":["post-1453","page","type-page","status-publish","hentry","page_category-hauptseiten-en"],"yoast_head":"<!-- This site is optimized with the Yoast SEO plugin v23.7 - https:\/\/yoast.com\/wordpress\/plugins\/seo\/ -->\n<title>Belichten statt Drucken - Alfreds Vintage Photography<\/title>\n<meta name=\"robots\" content=\"index, follow, max-snippet:-1, max-image-preview:large, max-video-preview:-1\" \/>\n<link rel=\"canonical\" href=\"https:\/\/alfreds-vintage-photography.com\/en\/handabzuege-auf-barytpapier-statt-drucke\/\" \/>\n<meta property=\"og:locale\" content=\"en_US\" \/>\n<meta property=\"og:type\" content=\"article\" \/>\n<meta property=\"og:title\" content=\"Belichten statt Drucken - Alfreds Vintage Photography\" \/>\n<meta property=\"og:description\" content=\"Wir fertigen ausschlie\u00dflich Silbergelatine-Abz\u00fcge. Damit sind analoge Handabz\u00fcge vom Original-Negativ auf Baryt-Papier gemeint. Eine Schicht von Bariumsulfat bildet bei diesem hochwertigen Fotopapier die Grundlage. Das Bild entsteht dann durch Belichtung einer dar\u00fcberliegenden Schicht von Silberbromid und unter Einsatz von Entwicklerchemie. Jeder Silbergelatine-Abzug ist traditionelle Handarbeit und damit ein Unikat mit h\u00f6chster Archivfestigkeit!\" \/>\n<meta property=\"og:url\" content=\"https:\/\/alfreds-vintage-photography.com\/en\/handabzuege-auf-barytpapier-statt-drucke\/\" \/>\n<meta property=\"og:site_name\" content=\"Alfreds Vintage Photography\" \/>\n<meta property=\"article:modified_time\" content=\"2021-05-18T07:32:37+00:00\" \/>\n<meta name=\"twitter:card\" content=\"summary_large_image\" \/>\n<meta name=\"twitter:label1\" content=\"Est. reading time\" \/>\n\t<meta name=\"twitter:data1\" content=\"2 minutes\" \/>\n<script type=\"application\/ld+json\" class=\"yoast-schema-graph\">{\"@context\":\"https:\/\/schema.org\",\"@graph\":[{\"@type\":\"WebPage\",\"@id\":\"https:\/\/alfreds-vintage-photography.com\/en\/handabzuege-auf-barytpapier-statt-drucke\/\",\"url\":\"https:\/\/alfreds-vintage-photography.com\/en\/handabzuege-auf-barytpapier-statt-drucke\/\",\"name\":\"Belichten statt Drucken - Alfreds Vintage Photography\",\"isPartOf\":{\"@id\":\"https:\/\/alfreds-vintage-photography.com\/en\/#website\"},\"datePublished\":\"2021-02-19T09:14:30+00:00\",\"dateModified\":\"2021-05-18T07:32:37+00:00\",\"breadcrumb\":{\"@id\":\"https:\/\/alfreds-vintage-photography.com\/en\/handabzuege-auf-barytpapier-statt-drucke\/#breadcrumb\"},\"inLanguage\":\"en-US\",\"potentialAction\":[{\"@type\":\"ReadAction\",\"target\":[\"https:\/\/alfreds-vintage-photography.com\/en\/handabzuege-auf-barytpapier-statt-drucke\/\"]}]},{\"@type\":\"BreadcrumbList\",\"@id\":\"https:\/\/alfreds-vintage-photography.com\/en\/handabzuege-auf-barytpapier-statt-drucke\/#breadcrumb\",\"itemListElement\":[{\"@type\":\"ListItem\",\"position\":1,\"name\":\"Startseite\",\"item\":\"https:\/\/alfreds-vintage-photography.com\/en\/\"},{\"@type\":\"ListItem\",\"position\":2,\"name\":\"Belichten statt Drucken\"}]},{\"@type\":\"WebSite\",\"@id\":\"https:\/\/alfreds-vintage-photography.com\/en\/#website\",\"url\":\"https:\/\/alfreds-vintage-photography.com\/en\/\",\"name\":\"Alfreds Vintage Photography\",\"description\":\"Abz\u00fcge und original Vintage Fotografien\",\"potentialAction\":[{\"@type\":\"SearchAction\",\"target\":{\"@type\":\"EntryPoint\",\"urlTemplate\":\"https:\/\/alfreds-vintage-photography.com\/en\/?s={search_term_string}\"},\"query-input\":{\"@type\":\"PropertyValueSpecification\",\"valueRequired\":true,\"valueName\":\"search_term_string\"}}],\"inLanguage\":\"en-US\"}]}<\/script>\n<!-- \/ Yoast SEO plugin. -->","yoast_head_json":{"title":"Belichten statt Drucken - Alfreds Vintage Photography","robots":{"index":"index","follow":"follow","max-snippet":"max-snippet:-1","max-image-preview":"max-image-preview:large","max-video-preview":"max-video-preview:-1"},"canonical":"https:\/\/alfreds-vintage-photography.com\/en\/handabzuege-auf-barytpapier-statt-drucke\/","og_locale":"en_US","og_type":"article","og_title":"Belichten statt Drucken - Alfreds Vintage Photography","og_description":"Wir fertigen ausschlie\u00dflich Silbergelatine-Abz\u00fcge. Damit sind analoge Handabz\u00fcge vom Original-Negativ auf Baryt-Papier gemeint. Eine Schicht von Bariumsulfat bildet bei diesem hochwertigen Fotopapier die Grundlage. Das Bild entsteht dann durch Belichtung einer dar\u00fcberliegenden Schicht von Silberbromid und unter Einsatz von Entwicklerchemie. Jeder Silbergelatine-Abzug ist traditionelle Handarbeit und damit ein Unikat mit h\u00f6chster Archivfestigkeit!","og_url":"https:\/\/alfreds-vintage-photography.com\/en\/handabzuege-auf-barytpapier-statt-drucke\/","og_site_name":"Alfreds Vintage Photography","article_modified_time":"2021-05-18T07:32:37+00:00","twitter_card":"summary_large_image","twitter_misc":{"Est. reading time":"2 minutes"},"schema":{"@context":"https:\/\/schema.org","@graph":[{"@type":"WebPage","@id":"https:\/\/alfreds-vintage-photography.com\/en\/handabzuege-auf-barytpapier-statt-drucke\/","url":"https:\/\/alfreds-vintage-photography.com\/en\/handabzuege-auf-barytpapier-statt-drucke\/","name":"Belichten statt Drucken - Alfreds Vintage Photography","isPartOf":{"@id":"https:\/\/alfreds-vintage-photography.com\/en\/#website"},"datePublished":"2021-02-19T09:14:30+00:00","dateModified":"2021-05-18T07:32:37+00:00","breadcrumb":{"@id":"https:\/\/alfreds-vintage-photography.com\/en\/handabzuege-auf-barytpapier-statt-drucke\/#breadcrumb"},"inLanguage":"en-US","potentialAction":[{"@type":"ReadAction","target":["https:\/\/alfreds-vintage-photography.com\/en\/handabzuege-auf-barytpapier-statt-drucke\/"]}]},{"@type":"BreadcrumbList","@id":"https:\/\/alfreds-vintage-photography.com\/en\/handabzuege-auf-barytpapier-statt-drucke\/#breadcrumb","itemListElement":[{"@type":"ListItem","position":1,"name":"Startseite","item":"https:\/\/alfreds-vintage-photography.com\/en\/"},{"@type":"ListItem","position":2,"name":"Belichten statt Drucken"}]},{"@type":"WebSite","@id":"https:\/\/alfreds-vintage-photography.com\/en\/#website","url":"https:\/\/alfreds-vintage-photography.com\/en\/","name":"Alfreds Vintage Photography","description":"Abz\u00fcge und original Vintage Fotografien","potentialAction":[{"@type":"SearchAction","target":{"@type":"EntryPoint","urlTemplate":"https:\/\/alfreds-vintage-photography.com\/en\/?s={search_term_string}"},"query-input":{"@type":"PropertyValueSpecification","valueRequired":true,"valueName":"search_term_string"}}],"inLanguage":"en-US"}]}},"_links":{"self":[{"href":"https:\/\/alfreds-vintage-photography.com\/en\/wp-json\/wp\/v2\/pages\/1453"}],"collection":[{"href":"https:\/\/alfreds-vintage-photography.com\/en\/wp-json\/wp\/v2\/pages"}],"about":[{"href":"https:\/\/alfreds-vintage-photography.com\/en\/wp-json\/wp\/v2\/types\/page"}],"author":[{"embeddable":true,"href":"https:\/\/alfreds-vintage-photography.com\/en\/wp-json\/wp\/v2\/users\/1"}],"replies":[{"embeddable":true,"href":"https:\/\/alfreds-vintage-photography.com\/en\/wp-json\/wp\/v2\/comments?post=1453"}],"version-history":[{"count":1,"href":"https:\/\/alfreds-vintage-photography.com\/en\/wp-json\/wp\/v2\/pages\/1453\/revisions"}],"predecessor-version":[{"id":3396,"href":"https:\/\/alfreds-vintage-photography.com\/en\/wp-json\/wp\/v2\/pages\/1453\/revisions\/3396"}],"wp:attachment":[{"href":"https:\/\/alfreds-vintage-photography.com\/en\/wp-json\/wp\/v2\/media?parent=1453"}],"curies":[{"name":"wp","href":"https:\/\/api.w.org\/{rel}","templated":true}]}}